{"id":213,"date":"2023-02-17T08:52:39","date_gmt":"2023-02-17T07:52:39","guid":{"rendered":"https:\/\/www.dolsat.pl\/?page_id=213"},"modified":"2025-10-16T09:40:44","modified_gmt":"2025-10-16T07:40:44","slug":"bezpieczenstwo-w-sieci","status":"publish","type":"page","link":"https:\/\/www.dolsat.pl\/?page_id=213","title":{"rendered":"Bezpiecze\u0144stwo w sieci"},"content":{"rendered":"\t\t<div data-elementor-type=\"wp-page\" data-elementor-id=\"213\" class=\"elementor elementor-213\">\n\t\t\t\t\t\t<section class=\"elementor-section elementor-top-section elementor-element elementor-element-9f1e944 elementor-section-boxed elementor-section-height-default elementor-section-height-default\" data-id=\"9f1e944\" data-element_type=\"section\">\n\t\t\t\t\t\t<div class=\"elementor-container elementor-column-gap-default\">\n\t\t\t\t\t<div class=\"elementor-column elementor-col-100 elementor-top-column elementor-element elementor-element-8509283\" data-id=\"8509283\" data-element_type=\"column\">\n\t\t\t<div class=\"elementor-widget-wrap elementor-element-populated\">\n\t\t\t\t\t\t<div class=\"elementor-element elementor-element-9854e01 elementor-widget elementor-widget-heading\" data-id=\"9854e01\" data-element_type=\"widget\" data-widget_type=\"heading.default\">\n\t\t\t\t<div class=\"elementor-widget-container\">\n\t\t\t<h2 class=\"elementor-heading-title elementor-size-default\">Bezpiecze\u0144stwo w sieci<\/h2>\t\t<\/div>\n\t\t\t\t<\/div>\n\t\t\t\t<div class=\"elementor-element elementor-element-69735ec elementor-widget-divider--view-line_icon elementor-view-default elementor-widget-divider--element-align-center elementor-widget elementor-widget-divider\" data-id=\"69735ec\" data-element_type=\"widget\" data-widget_type=\"divider.default\">\n\t\t\t\t<div class=\"elementor-widget-container\">\n\t\t\t\t\t<div class=\"elementor-divider\">\n\t\t\t<span class=\"elementor-divider-separator\">\n\t\t\t\t\t\t\t<div class=\"elementor-icon elementor-divider__element\">\n\t\t\t\t\t<i aria-hidden=\"true\" class=\"fas fa-unlock\"><\/i><\/div>\n\t\t\t\t\t\t<\/span>\n\t\t<\/div>\n\t\t\t\t<\/div>\n\t\t\t\t<\/div>\n\t\t\t\t\t<\/div>\n\t\t<\/div>\n\t\t\t\t\t<\/div>\n\t\t<\/section>\n\t\t\t\t<section class=\"elementor-section elementor-top-section elementor-element elementor-element-c4cdcd2 elementor-section-content-middle elementor-section-boxed elementor-section-height-default elementor-section-height-default\" data-id=\"c4cdcd2\" data-element_type=\"section\">\n\t\t\t\t\t\t<div class=\"elementor-container elementor-column-gap-no\">\n\t\t\t\t\t<div class=\"elementor-column elementor-col-100 elementor-top-column elementor-element elementor-element-83992a7\" data-id=\"83992a7\" data-element_type=\"column\" data-settings=\"{&quot;background_background&quot;:&quot;gradient&quot;}\">\n\t\t\t<div class=\"elementor-widget-wrap elementor-element-populated\">\n\t\t\t\t\t\t<div class=\"elementor-element elementor-element-10d8632 elementor-widget__width-initial elementor-widget elementor-widget-text-editor\" data-id=\"10d8632\" data-element_type=\"widget\" data-widget_type=\"text-editor.default\">\n\t\t\t\t<div class=\"elementor-widget-container\">\n\t\t\t\t\t\t\t<p>Zgodnie z Art. 175e Prawa telekomunikacyjnego DOLSAT sp\u00f3\u0142ka z o.o. zamieszcza odno\u015bnik do strony Urz\u0119du Komunikacji Elektronicznej zawieraj\u0105cy informacje o bezpiecze\u0144stwie w sieci.<\/p>\t\t\t\t\t\t<\/div>\n\t\t\t\t<\/div>\n\t\t\t\t<div class=\"elementor-element elementor-element-f9708c0 elementor-widget elementor-widget-button\" data-id=\"f9708c0\" data-element_type=\"widget\" data-widget_type=\"button.default\">\n\t\t\t\t<div class=\"elementor-widget-container\">\n\t\t\t\t\t<div class=\"elementor-button-wrapper\">\n\t\t\t<a class=\"elementor-button elementor-button-link elementor-size-sm\" href=\"https:\/\/cik.uke.gov.pl\/uslugi-teleko\/poradniki\/pliki-do-pobrania\/\">\n\t\t\t\t\t\t<span class=\"elementor-button-content-wrapper\">\n\t\t\t\t\t\t<span class=\"elementor-button-icon\">\n\t\t\t\t<i aria-hidden=\"true\" class=\"fas fa-external-link-alt\"><\/i>\t\t\t<\/span>\n\t\t\t\t\t\t\t\t\t<span class=\"elementor-button-text\">Poradniki (cik.uke.gov.pl)<\/span>\n\t\t\t\t\t<\/span>\n\t\t\t\t\t<\/a>\n\t\t<\/div>\n\t\t\t\t<\/div>\n\t\t\t\t<\/div>\n\t\t\t\t<div class=\"elementor-element elementor-element-563f06d elementor-widget elementor-widget-button\" data-id=\"563f06d\" data-element_type=\"widget\" data-widget_type=\"button.default\">\n\t\t\t\t<div class=\"elementor-widget-container\">\n\t\t\t\t\t<div class=\"elementor-button-wrapper\">\n\t\t\t<a class=\"elementor-button elementor-button-link elementor-size-sm\" href=\"https:\/\/cik.uke.gov.pl\/uslugi-teleko\/poradniki\/pliki-do-pobrania\/\">\n\t\t\t\t\t\t<span class=\"elementor-button-content-wrapper\">\n\t\t\t\t\t\t<span class=\"elementor-button-icon\">\n\t\t\t\t<i aria-hidden=\"true\" class=\"fas fa-external-link-alt\"><\/i>\t\t\t<\/span>\n\t\t\t\t\t\t\t\t\t<span class=\"elementor-button-text\">Darmowy zestaw porad bezpiecze\u0144stwa dla u\u017cytkownik\u00f3w komputer\u00f3w<\/span>\n\t\t\t\t\t<\/span>\n\t\t\t\t\t<\/a>\n\t\t<\/div>\n\t\t\t\t<\/div>\n\t\t\t\t<\/div>\n\t\t\t\t\t<\/div>\n\t\t<\/div>\n\t\t\t\t\t<\/div>\n\t\t<\/section>\n\t\t\t\t<section class=\"elementor-section elementor-top-section elementor-element elementor-element-25188d1 elementor-section-boxed elementor-section-height-default elementor-section-height-default\" data-id=\"25188d1\" data-element_type=\"section\">\n\t\t\t\t\t\t<div class=\"elementor-container elementor-column-gap-default\">\n\t\t\t\t\t<div class=\"elementor-column elementor-col-50 elementor-top-column elementor-element elementor-element-28746dc\" data-id=\"28746dc\" data-element_type=\"column\">\n\t\t\t<div class=\"elementor-widget-wrap elementor-element-populated\">\n\t\t\t\t\t\t<div class=\"elementor-element elementor-element-7e2b556 elementor-widget__width-initial elementor-widget elementor-widget-text-editor\" data-id=\"7e2b556\" data-element_type=\"widget\" data-widget_type=\"text-editor.default\">\n\t\t\t\t<div class=\"elementor-widget-container\">\n\t\t\t\t\t\t\t<p>Uprzejmie informujemy, \u017ce w zwi\u0105zku z wej\u015bciem w \u017cycie ustawy z dnia 15 grudnia 2016 r. o zmianie ustawy o grach hazardowych oraz niekt\u00f3rych innych ustaw (Dz. U. z 2017 r. poz. 88) od dnia 1 lipca 2017 r. na przedsi\u0119biorcy telekomunikacyjnym ci\u0105\u017cy obowi\u0105zek blokowania dost\u0119pu do niekt\u00f3rych domen internetowych.<\/p>\n<p>Wi\u0119cej informacji mo\u017cna znale\u017a\u0107 w poni\u017cszym dokumencie<\/p>\t\t\t\t\t\t<\/div>\n\t\t\t\t<\/div>\n\t\t\t\t<div class=\"elementor-element elementor-element-e9cc37e elementor-widget elementor-widget-button\" data-id=\"e9cc37e\" data-element_type=\"widget\" data-widget_type=\"button.default\">\n\t\t\t\t<div class=\"elementor-widget-container\">\n\t\t\t\t\t<div class=\"elementor-button-wrapper\">\n\t\t\t<a class=\"elementor-button elementor-button-link elementor-size-sm\" href=\"https:\/\/www.dolsat.pl\/wp-content\/c\/dokumenty\/a\/201705_ustawa_hazardowa.pdf\" target=\"_blank\">\n\t\t\t\t\t\t<span class=\"elementor-button-content-wrapper\">\n\t\t\t\t\t\t<span class=\"elementor-button-icon\">\n\t\t\t\t<i aria-hidden=\"true\" class=\"fas fa-external-link-alt\"><\/i>\t\t\t<\/span>\n\t\t\t\t\t\t\t\t\t<span class=\"elementor-button-text\">Komunikat ws. Ustawy Hazardowej<\/span>\n\t\t\t\t\t<\/span>\n\t\t\t\t\t<\/a>\n\t\t<\/div>\n\t\t\t\t<\/div>\n\t\t\t\t<\/div>\n\t\t\t\t\t<\/div>\n\t\t<\/div>\n\t\t\t\t<div class=\"elementor-column elementor-col-50 elementor-top-column elementor-element elementor-element-9ca5e5b\" data-id=\"9ca5e5b\" data-element_type=\"column\">\n\t\t\t<div class=\"elementor-widget-wrap elementor-element-populated\">\n\t\t\t\t\t\t<div class=\"elementor-element elementor-element-8575200 elementor-invisible elementor-widget elementor-widget-image\" data-id=\"8575200\" data-element_type=\"widget\" data-settings=\"{&quot;_animation&quot;:&quot;fadeIn&quot;}\" data-widget_type=\"image.default\">\n\t\t\t\t<div class=\"elementor-widget-container\">\n\t\t\t\t\t\t\t\t\t\t<figure class=\"wp-caption\">\n\t\t\t\t\t\t\t\t\t\t<img fetchpriority=\"high\" decoding=\"async\" width=\"1024\" height=\"683\" src=\"https:\/\/www.dolsat.pl\/wp-content\/uploads\/2023\/02\/hand-holding-cloud-system-with-data-protection-1024x683.jpg\" class=\"attachment-large size-large wp-image-247\" alt=\"\" srcset=\"https:\/\/www.dolsat.pl\/wp-content\/uploads\/2023\/02\/hand-holding-cloud-system-with-data-protection-1024x683.jpg 1024w, https:\/\/www.dolsat.pl\/wp-content\/uploads\/2023\/02\/hand-holding-cloud-system-with-data-protection-300x200.jpg 300w, https:\/\/www.dolsat.pl\/wp-content\/uploads\/2023\/02\/hand-holding-cloud-system-with-data-protection-768x512.jpg 768w, https:\/\/www.dolsat.pl\/wp-content\/uploads\/2023\/02\/hand-holding-cloud-system-with-data-protection-1536x1024.jpg 1536w, https:\/\/www.dolsat.pl\/wp-content\/uploads\/2023\/02\/hand-holding-cloud-system-with-data-protection-2048x1365.jpg 2048w\" sizes=\"(max-width: 1024px) 100vw, 1024px\" \/>\t\t\t\t\t\t\t\t\t\t\t<figcaption class=\"widget-image-caption wp-caption-text\"><a href=\"https:\/\/www.freepik.com\/free-photo\/hand-holding-cloud-system-with-data-protection_17121563.htm#query=security&amp;position=16&amp;from_view=search&amp;track=sph\">Image by rawpixel.com<\/a> on Freepik<\/figcaption>\n\t\t\t\t\t\t\t\t\t\t<\/figure>\n\t\t\t\t\t\t\t<\/div>\n\t\t\t\t<\/div>\n\t\t\t\t\t<\/div>\n\t\t<\/div>\n\t\t\t\t\t<\/div>\n\t\t<\/section>\n\t\t\t\t<\/div>\n\t\t","protected":false},"excerpt":{"rendered":"<p>Bezpiecze\u0144stwo w sieci Zgodnie z Art. 175e Prawa telekomunikacyjnego DOLSAT sp\u00f3\u0142ka z o.o. zamieszcza odno\u015bnik do strony Urz\u0119du Komunikacji Elektronicznej zawieraj\u0105cy informacje o bezpiecze\u0144stwie w sieci. Poradniki (cik.uke.gov.pl) Darmowy zestaw porad bezpiecze\u0144stwa dla u\u017cytkownik\u00f3w komputer\u00f3w Uprzejmie informujemy, \u017ce w zwi\u0105zku z wej\u015bciem w \u017cycie ustawy z dnia 15 grudnia 2016 r. o zmianie ustawy o &hellip;<\/p>\n<p class=\"read-more\"> <a class=\"\" href=\"https:\/\/www.dolsat.pl\/?page_id=213\"> <span class=\"screen-reader-text\">Bezpiecze\u0144stwo w sieci<\/span> Read More &raquo;<\/a><\/p>\n","protected":false},"author":1,"featured_media":0,"parent":0,"menu_order":0,"comment_status":"closed","ping_status":"closed","template":"","meta":{"_eb_attr":"","_uag_custom_page_level_css":"","site-sidebar-layout":"default","site-content-layout":"default","ast-global-header-display":"","ast-main-header-display":"","ast-hfb-above-header-display":"","ast-hfb-below-header-display":"","ast-hfb-mobile-header-display":"","site-post-title":"disabled","ast-breadcrumbs-content":"","ast-featured-img":"","footer-sml-layout":"","theme-transparent-header-meta":"","adv-header-id-meta":"","stick-header-meta":"","header-above-stick-meta":"","header-main-stick-meta":"","header-below-stick-meta":"","footnotes":""},"class_list":["post-213","page","type-page","status-publish","hentry"],"uagb_featured_image_src":{"full":false,"thumbnail":false,"medium":false,"medium_large":false,"large":false,"1536x1536":false,"2048x2048":false},"uagb_author_info":{"display_name":"sudo","author_link":"https:\/\/www.dolsat.pl\/?author=1"},"uagb_comment_info":0,"uagb_excerpt":"Bezpiecze\u0144stwo w sieci Zgodnie z Art. 175e Prawa telekomunikacyjnego DOLSAT sp\u00f3\u0142ka z o.o. zamieszcza odno\u015bnik do strony Urz\u0119du Komunikacji Elektronicznej zawieraj\u0105cy informacje o bezpiecze\u0144stwie w sieci. Poradniki (cik.uke.gov.pl) Darmowy zestaw porad bezpiecze\u0144stwa dla u\u017cytkownik\u00f3w komputer\u00f3w Uprzejmie informujemy, \u017ce w zwi\u0105zku z wej\u015bciem w \u017cycie ustawy z dnia 15 grudnia 2016 r. o zmianie ustawy o&hellip;","_links":{"self":[{"href":"https:\/\/www.dolsat.pl\/index.php?rest_route=\/wp\/v2\/pages\/213","targetHints":{"allow":["GET"]}}],"collection":[{"href":"https:\/\/www.dolsat.pl\/index.php?rest_route=\/wp\/v2\/pages"}],"about":[{"href":"https:\/\/www.dolsat.pl\/index.php?rest_route=\/wp\/v2\/types\/page"}],"author":[{"embeddable":true,"href":"https:\/\/www.dolsat.pl\/index.php?rest_route=\/wp\/v2\/users\/1"}],"replies":[{"embeddable":true,"href":"https:\/\/www.dolsat.pl\/index.php?rest_route=%2Fwp%2Fv2%2Fcomments&post=213"}],"version-history":[{"count":25,"href":"https:\/\/www.dolsat.pl\/index.php?rest_route=\/wp\/v2\/pages\/213\/revisions"}],"predecessor-version":[{"id":1022,"href":"https:\/\/www.dolsat.pl\/index.php?rest_route=\/wp\/v2\/pages\/213\/revisions\/1022"}],"wp:attachment":[{"href":"https:\/\/www.dolsat.pl\/index.php?rest_route=%2Fwp%2Fv2%2Fmedia&parent=213"}],"curies":[{"name":"wp","href":"https:\/\/api.w.org\/{rel}","templated":true}]}}