{"id":257,"date":"2023-02-17T11:05:29","date_gmt":"2023-02-17T10:05:29","guid":{"rendered":"https:\/\/www.dolsat.pl\/?page_id=257"},"modified":"2026-04-11T16:31:30","modified_gmt":"2026-04-11T14:31:30","slug":"dokumenty","status":"publish","type":"page","link":"https:\/\/www.dolsat.pl\/?page_id=257","title":{"rendered":"Dokumenty"},"content":{"rendered":"\t\t<div data-elementor-type=\"wp-page\" data-elementor-id=\"257\" class=\"elementor elementor-257\">\n\t\t\t\t\t\t<section class=\"elementor-section elementor-top-section elementor-element elementor-element-e7e41af elementor-section-boxed elementor-section-height-default elementor-section-height-default\" data-id=\"e7e41af\" data-element_type=\"section\">\n\t\t\t\t\t\t<div class=\"elementor-container elementor-column-gap-default\">\n\t\t\t\t\t<div class=\"elementor-column elementor-col-100 elementor-top-column elementor-element elementor-element-441c640\" data-id=\"441c640\" data-element_type=\"column\">\n\t\t\t<div class=\"elementor-widget-wrap elementor-element-populated\">\n\t\t\t\t\t\t<div class=\"elementor-element elementor-element-1e9ca25 elementor-widget elementor-widget-heading\" data-id=\"1e9ca25\" data-element_type=\"widget\" data-widget_type=\"heading.default\">\n\t\t\t\t<div class=\"elementor-widget-container\">\n\t\t\t<h2 class=\"elementor-heading-title elementor-size-default\">Dokumenty<\/h2>\t\t<\/div>\n\t\t\t\t<\/div>\n\t\t\t\t<div class=\"elementor-element elementor-element-902d3e3 elementor-widget-divider--view-line_icon elementor-view-default elementor-widget-divider--element-align-center elementor-widget elementor-widget-divider\" data-id=\"902d3e3\" data-element_type=\"widget\" data-widget_type=\"divider.default\">\n\t\t\t\t<div class=\"elementor-widget-container\">\n\t\t\t\t\t<div class=\"elementor-divider\">\n\t\t\t<span class=\"elementor-divider-separator\">\n\t\t\t\t\t\t\t<div class=\"elementor-icon elementor-divider__element\">\n\t\t\t\t\t<i aria-hidden=\"true\" class=\"fas fa-file-alt\"><\/i><\/div>\n\t\t\t\t\t\t<\/span>\n\t\t<\/div>\n\t\t\t\t<\/div>\n\t\t\t\t<\/div>\n\t\t\t\t\t<\/div>\n\t\t<\/div>\n\t\t\t\t\t<\/div>\n\t\t<\/section>\n\t\t\t\t<section class=\"elementor-section elementor-top-section elementor-element elementor-element-db96187 elementor-section-boxed elementor-section-height-default elementor-section-height-default\" data-id=\"db96187\" data-element_type=\"section\" data-settings=\"{&quot;background_background&quot;:&quot;gradient&quot;}\">\n\t\t\t\t\t\t<div class=\"elementor-container elementor-column-gap-default\">\n\t\t\t\t\t<div class=\"elementor-column elementor-col-100 elementor-top-column elementor-element elementor-element-37c70a1\" data-id=\"37c70a1\" data-element_type=\"column\">\n\t\t\t<div class=\"elementor-widget-wrap elementor-element-populated\">\n\t\t\t\t\t\t<div class=\"elementor-element elementor-element-8e9ae6b elementor-tabs-view-vertical elementor-widget elementor-widget-tabs\" data-id=\"8e9ae6b\" data-element_type=\"widget\" data-widget_type=\"tabs.default\">\n\t\t\t\t<div class=\"elementor-widget-container\">\n\t\t\t\t\t<div class=\"elementor-tabs\">\n\t\t\t<div class=\"elementor-tabs-wrapper\" role=\"tablist\" >\n\t\t\t\t\t\t\t\t\t<div id=\"elementor-tab-title-1491\" class=\"elementor-tab-title elementor-tab-desktop-title\" aria-selected=\"true\" data-tab=\"1\" role=\"tab\" tabindex=\"0\" aria-controls=\"elementor-tab-content-1491\" aria-expanded=\"false\">Promocje<\/div>\n\t\t\t\t\t\t\t\t\t<div id=\"elementor-tab-title-1492\" class=\"elementor-tab-title elementor-tab-desktop-title\" aria-selected=\"false\" data-tab=\"2\" role=\"tab\" tabindex=\"-1\" aria-controls=\"elementor-tab-content-1492\" aria-expanded=\"false\">Cenniki<\/div>\n\t\t\t\t\t\t\t\t\t<div id=\"elementor-tab-title-1493\" class=\"elementor-tab-title elementor-tab-desktop-title\" aria-selected=\"false\" data-tab=\"3\" role=\"tab\" tabindex=\"-1\" aria-controls=\"elementor-tab-content-1493\" aria-expanded=\"false\">Regulaminy<\/div>\n\t\t\t\t\t\t\t\t\t<div id=\"elementor-tab-title-1494\" class=\"elementor-tab-title elementor-tab-desktop-title\" aria-selected=\"false\" data-tab=\"4\" role=\"tab\" tabindex=\"-1\" aria-controls=\"elementor-tab-content-1494\" aria-expanded=\"false\">Wnioski i procedury<\/div>\n\t\t\t\t\t\t\t\t\t<div id=\"elementor-tab-title-1495\" class=\"elementor-tab-title elementor-tab-desktop-title\" aria-selected=\"false\" data-tab=\"5\" role=\"tab\" tabindex=\"-1\" aria-controls=\"elementor-tab-content-1495\" aria-expanded=\"false\">Inne dokumenty<\/div>\n\t\t\t\t\t\t\t\t\t<div id=\"elementor-tab-title-1496\" class=\"elementor-tab-title elementor-tab-desktop-title\" aria-selected=\"false\" data-tab=\"6\" role=\"tab\" tabindex=\"-1\" aria-controls=\"elementor-tab-content-1496\" aria-expanded=\"false\">Archiwum dokument\u00f3w<\/div>\n\t\t\t\t\t\t\t\t\t<div id=\"elementor-tab-title-1497\" class=\"elementor-tab-title elementor-tab-desktop-title\" aria-selected=\"false\" data-tab=\"7\" role=\"tab\" tabindex=\"-1\" aria-controls=\"elementor-tab-content-1497\" aria-expanded=\"false\">Instrukcje obs\u0142ugi<\/div>\n\t\t\t\t\t\t\t<\/div>\n\t\t\t<div class=\"elementor-tabs-content-wrapper\" role=\"tablist\" aria-orientation=\"vertical\">\n\t\t\t\t\t\t\t\t\t<div class=\"elementor-tab-title elementor-tab-mobile-title\" aria-selected=\"true\" data-tab=\"1\" role=\"tab\" tabindex=\"0\" aria-controls=\"elementor-tab-content-1491\" aria-expanded=\"false\">Promocje<\/div>\n\t\t\t\t\t<div id=\"elementor-tab-content-1491\" class=\"elementor-tab-content elementor-clearfix\" data-tab=\"1\" role=\"tabpanel\" aria-labelledby=\"elementor-tab-title-1491\" tabindex=\"0\" hidden=\"false\"><p><i class=\"fas fa-file-pdf\"><\/i><a href=\"\/wp-content\/c\/dokumenty\/a\/202604_promocja.pdf\" target=\"_blank\" rel=\"noopener\"><img decoding=\"async\" src=\"https:\/\/www.dolsat.pl\/images\/obrazki\/pdf-ico.png\" alt=\"\" \/> Wniosek i regulamin Promocji Wiosennej<\/a><br \/><i class=\"fas fa-file-pdf\"><\/i><a href=\"\/wp-content\/c\/dokumenty\/a\/202601_domki_DOCSIS.pdf\" target=\"_blank\" rel=\"noopener\"> <img decoding=\"async\" src=\"https:\/\/www.dolsat.pl\/images\/obrazki\/pdf-ico.png\" alt=\"\" \/>Wniosek i regulamin Promocji Dla Domk\u00f3w Jednorodzinnych<\/a><br \/><i class=\"fas fa-file-pdf\"><\/i><a href=\"\/wp-content\/c\/dokumenty\/a\/202601_radio.pdf\" target=\"_blank\" rel=\"noopener\"> <img decoding=\"async\" src=\"https:\/\/www.dolsat.pl\/images\/obrazki\/pdf-ico.png\" alt=\"\" \/>Wniosek i regulamin Promocji Internetu Radiowego dla Be\u0142chatowa i okolic<\/a><\/p><\/div>\n\t\t\t\t\t\t\t\t\t<div class=\"elementor-tab-title elementor-tab-mobile-title\" aria-selected=\"false\" data-tab=\"2\" role=\"tab\" tabindex=\"-1\" aria-controls=\"elementor-tab-content-1492\" aria-expanded=\"false\">Cenniki<\/div>\n\t\t\t\t\t<div id=\"elementor-tab-content-1492\" class=\"elementor-tab-content elementor-clearfix\" data-tab=\"2\" role=\"tabpanel\" aria-labelledby=\"elementor-tab-title-1492\" tabindex=\"0\" hidden=\"hidden\"><p><i class=\"fas fa-file-pdf\"><\/i><a href=\"https:\/\/www.dolsat.pl\/wp-content\/c\/dokumenty\/a\/00_cennik_internet.pdf\" target=\"_blank\" rel=\"noopener\"> Us\u0142uga internetu<\/a><br \/><i class=\"fas fa-file-pdf\"><\/i><a href=\"https:\/\/www.dolsat.pl\/wp-content\/c\/dokumenty\/a\/00_cennik_tv.pdf\" target=\"_blank\" rel=\"noopener\"> Us\u0142uga telewizji<\/a><br \/><i class=\"fas fa-file-pdf\"><\/i><a href=\"https:\/\/www.dolsat.pl\/wp-content\/c\/dokumenty\/a\/00_cennik_iptv.pdf\" target=\"_blank\" rel=\"noopener\"> Us\u0142uga telewizji IPTV<\/a><br \/><i class=\"fas fa-file-pdf\"><\/i><a href=\"https:\/\/www.dolsat.pl\/wp-content\/c\/dokumenty\/a\/00_cennik_telefonia.pdf\" target=\"_blank\" rel=\"noopener\"> Us\u0142uga telefonii<\/a><br \/><i class=\"fas fa-file-pdf\"><\/i><a href=\"https:\/\/www.dolsat.pl\/wp-content\/c\/dokumenty\/a\/00_cennik_reklam.pdf\" target=\"_blank\" rel=\"noopener\"> Us\u0142ugi reklamowe<\/a><br \/><i class=\"fas fa-file-pdf\"><\/i>\u00a0<a href=\"https:\/\/www.dolsat.pl\/wp-content\/c\/dokumenty\/a\/00_cennik_usl_biuro.pdf\" target=\"_blank\" rel=\"noopener\">Cennik Us\u0142ug Dodatkowych (biurowych i og\u0142oszeniowych)<\/a><\/p><\/div>\n\t\t\t\t\t\t\t\t\t<div class=\"elementor-tab-title elementor-tab-mobile-title\" aria-selected=\"false\" data-tab=\"3\" role=\"tab\" tabindex=\"-1\" aria-controls=\"elementor-tab-content-1493\" aria-expanded=\"false\">Regulaminy<\/div>\n\t\t\t\t\t<div id=\"elementor-tab-content-1493\" class=\"elementor-tab-content elementor-clearfix\" data-tab=\"3\" role=\"tabpanel\" aria-labelledby=\"elementor-tab-title-1493\" tabindex=\"0\" hidden=\"hidden\"><p><i class=\"fas fa-file-pdf\"><\/i>\u00a0<a href=\"\/wp-content\/c\/dokumenty\/a\/202410_regulamin_pakietUslMultim_od10112024.pdf\" target=\"_blank\" rel=\"noopener\">Regulamin korzystania z pakietu us\u0142ug Multimedialnych &#8211; obowi\u0105zuj\u0105cy od 10.11.2024 r.<\/a><br \/><i class=\"fas fa-file-pdf\"><\/i><a href=\"\/wp-content\/c\/dokumenty\/a\/201411_warunki_uzytkowania.pdf\" target=\"_blank\" rel=\"noopener\"> Warunki W\u0142a\u015bciwego U\u017cytkowania Us\u0142ug Internetowych<\/a><br \/><i class=\"fas fa-file-pdf\"><\/i><a href=\"\/wp-content\/c\/dokumenty\/a\/2020_wniosek_przeniesienia_numeru.pdf\" target=\"_blank\" rel=\"noopener\"> Wniosek o potwierdzenie mo\u017cliwo\u015bci zawarcia umowy z przeniesieniem numeru telefonu od dotychczasowego Dostawcy Us\u0142ug<\/a><br \/><i class=\"fas fa-file-pdf\"><\/i><a href=\"\/wp-content\/c\/dokumenty\/a\/201901_udogodnienia_dla_niepelnosprawnych.pdf\" target=\"_blank\" rel=\"noopener\"> Udogodnienia dla os\u00f3b niepe\u0142nosprawnych<\/a><br \/><i class=\"fas fa-file-pdf\"><\/i><a href=\"\/wp-content\/c\/dokumenty\/a\/201409_regulamin_iptv.pdf\" target=\"_blank\" rel=\"noopener\"> Regulamin \u015awiadczenia Cyfrowych Us\u0142ug Interaktywnych TV HD<\/a><br \/><i class=\"fas fa-file-pdf\"><\/i><a href=\"\/wp-content\/c\/dokumenty\/a\/00_minimalne_wymag_sprz.pdf\" target=\"_blank\" rel=\"noopener\"> Minimalne wymagania sprz\u0119towe dla us\u0142ug internetowych<\/a><br \/><i class=\"fas fa-file-pdf\"><\/i><a href=\"\/wp-content\/c\/dokumenty\/a\/00_jakosc_sieci.pdf\" target=\"_blank\" rel=\"noopener\"> Jako\u015b\u0107 us\u0142ug<\/a><br \/><i class=\"fas fa-file-pdf\"><\/i><a href=\"\/wp-content\/c\/dokumenty\/eFaktura\/202410_efaktura_regulamin.pdf\" target=\"_blank\" rel=\"noopener\"> eFaktura &#8211; regulamin<\/a><br \/><i class=\"fas fa-file-pdf\"><\/i><a href=\"\/wp-content\/c\/dokumenty\/eFaktura\/201807_efaktura_zgoda.pdf\" target=\"_blank\" rel=\"noopener\"> eFaktura &#8211; zgoda Klienta<\/a><br \/><i class=\"fas fa-file-pdf\"><\/i><a href=\"\/wp-content\/c\/dokumenty\/eFaktura\/201807_efaktura_cofniecie_zgody.pdf\" target=\"_blank\" rel=\"noopener\"> eFaktura &#8211; cofni\u0119cie zgody Klienta<\/a><br \/><i class=\"fas fa-file-pdf\"><\/i><a href=\"\/wp-content\/c\/dokumenty\/a\/202210_umowa_ramowa_usl_platn.pdf\" target=\"_blank\" rel=\"noopener\"> Umowa ramowa Biura Us\u0142ug p\u0142atniczych<\/a><\/p><\/div>\n\t\t\t\t\t\t\t\t\t<div class=\"elementor-tab-title elementor-tab-mobile-title\" aria-selected=\"false\" data-tab=\"4\" role=\"tab\" tabindex=\"-1\" aria-controls=\"elementor-tab-content-1494\" aria-expanded=\"false\">Wnioski i procedury<\/div>\n\t\t\t\t\t<div id=\"elementor-tab-content-1494\" class=\"elementor-tab-content elementor-clearfix\" data-tab=\"4\" role=\"tabpanel\" aria-labelledby=\"elementor-tab-title-1494\" tabindex=\"0\" hidden=\"hidden\"><p><i class=\"fas fa-file-pdf\"><\/i><a href=\"\/wp-content\/c\/dokumenty\/a\/201411_warunki_uzytkowania.pdf\" target=\"_blank\" rel=\"noopener\"> Warunki W\u0142a\u015bciwego U\u017cytkowania Us\u0142ug Internetowych<\/a><br \/><i class=\"fas fa-file-pdf\"><\/i><a href=\"\/wp-content\/c\/dokumenty\/a\/2020_wniosek_przeniesienia_numeru.pdf\" target=\"_blank\" rel=\"noopener\"> Wniosek o potwierdzenie mo\u017cliwo\u015bci zawarcia umowy z przeniesieniem numeru telefonu od dotychczasowego Dostawcy Us\u0142ug<\/a><br \/><i class=\"fas fa-file-pdf\"><\/i><a href=\"\/wp-content\/c\/dokumenty\/a\/201901_udogodnienia_dla_niepelnosprawnych.pdf\" target=\"_blank\" rel=\"noopener\"> Udogodnienia dla os\u00f3b niepe\u0142nosprawnych<\/a><br \/><i class=\"fas fa-file-pdf\"><\/i><a href=\"\/wp-content\/c\/dokumenty\/a\/201409_regulamin_iptv.pdf\" target=\"_blank\" rel=\"noopener\"> Regulamin \u015awiadczenia Cyfrowych Us\u0142ug Interaktywnych TV HD<\/a><br \/><i class=\"fas fa-file-pdf\"><\/i><a href=\"\/wp-content\/c\/dokumenty\/a\/00_minimalne_wymag_sprz.pdf\" target=\"_blank\" rel=\"noopener\"> Minimalne wymagania sprz\u0119towe dla us\u0142ug internetowych<\/a><br \/><i class=\"fas fa-file-pdf\"><\/i><a href=\"\/wp-content\/c\/dokumenty\/a\/00_jakosc_sieci.pdf\" target=\"_blank\" rel=\"noopener\"> Jako\u015b\u0107 us\u0142ug<\/a><br \/><i class=\"fas fa-file-pdf\"><\/i><a href=\"\/wp-content\/c\/dokumenty\/a\/00_jakosc_sieci_duzydruk.pdf\" target=\"_blank\" rel=\"noopener\"> Jako\u015b\u0107 us\u0142ug &#8211; du\u017cy druk<\/a><br \/><i class=\"fas fa-file-pdf\"><\/i><a href=\"\/wp-content\/c\/dokumenty\/eFaktura\/202410_efaktura_regulamin.pdf\" target=\"_blank\" rel=\"noopener\">eFaktura &#8211; regulamin<\/a><br \/><i class=\"fas fa-file-pdf\"><\/i><a href=\"\/wp-content\/c\/dokumenty\/eFaktura\/201807_efaktura_zgoda.pdf\" target=\"_blank\" rel=\"noopener\"> eFaktura &#8211; zgoda Klienta<\/a><br \/><i class=\"fas fa-file-pdf\"><\/i><a href=\"\/wp-content\/c\/dokumenty\/eFaktura\/201807_efaktura_cofniecie_zgody.pdf\" target=\"_blank\" rel=\"noopener\"> eFaktura &#8211; cofni\u0119cie zgody Klienta<\/a><br \/><i class=\"fas fa-file-pdf\"><\/i><a href=\"\/wp-content\/c\/dokumenty\/a\/202210_umowa_ramowa_usl_platn.pdf\" target=\"_blank\" rel=\"noopener\"> Umowa ramowa Biura Us\u0142ug p\u0142atniczych<\/a><\/p><\/div>\n\t\t\t\t\t\t\t\t\t<div class=\"elementor-tab-title elementor-tab-mobile-title\" aria-selected=\"false\" data-tab=\"5\" role=\"tab\" tabindex=\"-1\" aria-controls=\"elementor-tab-content-1495\" aria-expanded=\"false\">Inne dokumenty<\/div>\n\t\t\t\t\t<div id=\"elementor-tab-content-1495\" class=\"elementor-tab-content elementor-clearfix\" data-tab=\"5\" role=\"tabpanel\" aria-labelledby=\"elementor-tab-title-1495\" tabindex=\"0\" hidden=\"hidden\"><p><i class=\"fas fa-file-pdf\"><\/i><a href=\"https:\/\/www.dolsat.pl\/wp-content\/c\/dokumenty\/a\/202101_polityka_prywatnosci.pdf\" target=\"_blank\" rel=\"noopener\"> Polityka Prywatno\u015bci<\/a><\/p><\/div>\n\t\t\t\t\t\t\t\t\t<div class=\"elementor-tab-title elementor-tab-mobile-title\" aria-selected=\"false\" data-tab=\"6\" role=\"tab\" tabindex=\"-1\" aria-controls=\"elementor-tab-content-1496\" aria-expanded=\"false\">Archiwum dokument\u00f3w<\/div>\n\t\t\t\t\t<div id=\"elementor-tab-content-1496\" class=\"elementor-tab-content elementor-clearfix\" data-tab=\"6\" role=\"tabpanel\" aria-labelledby=\"elementor-tab-title-1496\" tabindex=\"0\" hidden=\"hidden\"><p><i class=\"fas fa-file-pdf\"><\/i><a href=\"\/wp-content\/c\/dokumenty\/h\/201503_cennik_internet.pdf\" target=\"_blank\" rel=\"noopener\"> Us\u0142uga internetu (dla um\u00f3w zawieranych do 1 czerwca 2017 r.)<\/a><br \/><i class=\"fas fa-file-pdf\"><\/i><a href=\"\/wp-content\/c\/dokumenty\/h\/201505_reg_pum_przed_04052015.pdf\" target=\"_blank\" rel=\"noopener\"> Regulamin korzystania z Pakietu Us\u0142ug Multimedialnych obowi\u0105zuj\u0105cy przed dniem 04.05.2015 r.<\/a><br \/><i class=\"fas fa-file-pdf\"><\/i><a href=\"\/wp-content\/c\/dokumenty\/h\/201409_cennik_usl_multimedialnych_po_01_11_2013.pdf\" target=\"_blank\" rel=\"noopener\"> Cennik Multimedialnych Us\u0142ug Internetowych dla um\u00f3w zawartych po dn. 01.11.2013 r.<\/a><br \/><i class=\"fas fa-file-pdf\"><\/i><a href=\"\/wp-content\/c\/dokumenty\/h\/201409_cennik_usl_mutimedialnych_przed_01_11_2013.pdf\" target=\"_blank\" rel=\"noopener\"> Cennik Multimedialnych Us\u0142ug Internetowych dla um\u00f3w zawartych przed dn. 01.11.2013 r.<\/a><\/p><\/div>\n\t\t\t\t\t\t\t\t\t<div class=\"elementor-tab-title elementor-tab-mobile-title\" aria-selected=\"false\" data-tab=\"7\" role=\"tab\" tabindex=\"-1\" aria-controls=\"elementor-tab-content-1497\" aria-expanded=\"false\">Instrukcje obs\u0142ugi<\/div>\n\t\t\t\t\t<div id=\"elementor-tab-content-1497\" class=\"elementor-tab-content elementor-clearfix\" data-tab=\"7\" role=\"tabpanel\" aria-labelledby=\"elementor-tab-title-1497\" tabindex=\"0\" hidden=\"hidden\"><p><i class=\"fas fa-file-pdf\"><\/i><a href=\"\/wp-content\/c\/dokumenty\/a\/201311_manualSTB.pdf\"><strong> Instrukcja obs\u0142ugi Terminala HD<\/strong><\/a> \/ Aktualizacja: 04.11.2013 r.<\/p><\/div>\n\t\t\t\t\t\t\t<\/div>\n\t\t<\/div>\n\t\t\t\t<\/div>\n\t\t\t\t<\/div>\n\t\t\t\t\t<\/div>\n\t\t<\/div>\n\t\t\t\t\t<\/div>\n\t\t<\/section>\n\t\t\t\t<section class=\"elementor-section elementor-top-section elementor-element elementor-element-b8b5442 elementor-section-boxed elementor-section-height-default elementor-section-height-default\" data-id=\"b8b5442\" data-element_type=\"section\">\n\t\t\t\t\t\t<div class=\"elementor-container elementor-column-gap-default\">\n\t\t\t\t\t<div class=\"elementor-column elementor-col-100 elementor-top-column elementor-element elementor-element-79c3ff7\" data-id=\"79c3ff7\" data-element_type=\"column\">\n\t\t\t<div class=\"elementor-widget-wrap\">\n\t\t\t\t\t\t\t<\/div>\n\t\t<\/div>\n\t\t\t\t\t<\/div>\n\t\t<\/section>\n\t\t\t\t<\/div>\n\t\t","protected":false},"excerpt":{"rendered":"<p>Dokumenty Promocje Cenniki Regulaminy Wnioski i procedury Inne dokumenty Archiwum dokument\u00f3w Instrukcje obs\u0142ugi Promocje Wniosek i regulamin Promocji Wiosennej Wniosek i regulamin Promocji Dla Domk\u00f3w Jednorodzinnych Wniosek i regulamin Promocji Internetu Radiowego dla Be\u0142chatowa i okolic Cenniki Us\u0142uga internetu Us\u0142uga telewizji Us\u0142uga telewizji IPTV Us\u0142uga telefonii Us\u0142ugi reklamowe\u00a0Cennik Us\u0142ug Dodatkowych (biurowych i og\u0142oszeniowych) Regulaminy \u00a0Regulamin &hellip;<\/p>\n<p class=\"read-more\"> <a class=\"\" href=\"https:\/\/www.dolsat.pl\/?page_id=257\"> <span class=\"screen-reader-text\">Dokumenty<\/span> Read More &raquo;<\/a><\/p>\n","protected":false},"author":1,"featured_media":0,"parent":0,"menu_order":0,"comment_status":"closed","ping_status":"closed","template":"elementor_header_footer","meta":{"_eb_attr":"","_uag_custom_page_level_css":"","site-sidebar-layout":"default","site-content-layout":"default","ast-global-header-display":"","ast-main-header-display":"","ast-hfb-above-header-display":"","ast-hfb-below-header-display":"","ast-hfb-mobile-header-display":"","site-post-title":"","ast-breadcrumbs-content":"","ast-featured-img":"","footer-sml-layout":"","theme-transparent-header-meta":"","adv-header-id-meta":"","stick-header-meta":"","header-above-stick-meta":"","header-main-stick-meta":"","header-below-stick-meta":"","footnotes":""},"class_list":["post-257","page","type-page","status-publish","hentry"],"uagb_featured_image_src":{"full":false,"thumbnail":false,"medium":false,"medium_large":false,"large":false,"1536x1536":false,"2048x2048":false},"uagb_author_info":{"display_name":"sudo","author_link":"https:\/\/www.dolsat.pl\/?author=1"},"uagb_comment_info":0,"uagb_excerpt":"Dokumenty Promocje Cenniki Regulaminy Wnioski i procedury Inne dokumenty Archiwum dokument\u00f3w Instrukcje obs\u0142ugi Promocje Wniosek i regulamin Promocji Wiosennej Wniosek i regulamin Promocji Dla Domk\u00f3w Jednorodzinnych Wniosek i regulamin Promocji Internetu Radiowego dla Be\u0142chatowa i okolic Cenniki Us\u0142uga internetu Us\u0142uga telewizji Us\u0142uga telewizji IPTV Us\u0142uga telefonii Us\u0142ugi reklamowe\u00a0Cennik Us\u0142ug Dodatkowych (biurowych i og\u0142oszeniowych) Regulaminy \u00a0Regulamin&hellip;","_links":{"self":[{"href":"https:\/\/www.dolsat.pl\/index.php?rest_route=\/wp\/v2\/pages\/257","targetHints":{"allow":["GET"]}}],"collection":[{"href":"https:\/\/www.dolsat.pl\/index.php?rest_route=\/wp\/v2\/pages"}],"about":[{"href":"https:\/\/www.dolsat.pl\/index.php?rest_route=\/wp\/v2\/types\/page"}],"author":[{"embeddable":true,"href":"https:\/\/www.dolsat.pl\/index.php?rest_route=\/wp\/v2\/users\/1"}],"replies":[{"embeddable":true,"href":"https:\/\/www.dolsat.pl\/index.php?rest_route=%2Fwp%2Fv2%2Fcomments&post=257"}],"version-history":[{"count":127,"href":"https:\/\/www.dolsat.pl\/index.php?rest_route=\/wp\/v2\/pages\/257\/revisions"}],"predecessor-version":[{"id":1101,"href":"https:\/\/www.dolsat.pl\/index.php?rest_route=\/wp\/v2\/pages\/257\/revisions\/1101"}],"wp:attachment":[{"href":"https:\/\/www.dolsat.pl\/index.php?rest_route=%2Fwp%2Fv2%2Fmedia&parent=257"}],"curies":[{"name":"wp","href":"https:\/\/api.w.org\/{rel}","templated":true}]}}