{"id":306,"date":"2023-02-22T09:42:56","date_gmt":"2023-02-22T08:42:56","guid":{"rendered":"https:\/\/www.dolsat.pl\/?page_id=306"},"modified":"2025-02-03T10:06:03","modified_gmt":"2025-02-03T09:06:03","slug":"kontakt","status":"publish","type":"page","link":"https:\/\/www.dolsat.pl\/?page_id=306","title":{"rendered":"Kontakt"},"content":{"rendered":"\t\t<div data-elementor-type=\"wp-page\" data-elementor-id=\"306\" class=\"elementor elementor-306\">\n\t\t\t\t\t\t<section class=\"elementor-section elementor-top-section elementor-element elementor-element-e7e41af elementor-section-boxed elementor-section-height-default elementor-section-height-default\" data-id=\"e7e41af\" data-element_type=\"section\">\n\t\t\t\t\t\t<div class=\"elementor-container elementor-column-gap-default\">\n\t\t\t\t\t<div class=\"elementor-column elementor-col-100 elementor-top-column elementor-element elementor-element-441c640\" data-id=\"441c640\" data-element_type=\"column\">\n\t\t\t<div class=\"elementor-widget-wrap elementor-element-populated\">\n\t\t\t\t\t\t<div class=\"elementor-element elementor-element-1e9ca25 elementor-widget elementor-widget-heading\" data-id=\"1e9ca25\" data-element_type=\"widget\" data-widget_type=\"heading.default\">\n\t\t\t\t<div class=\"elementor-widget-container\">\n\t\t\t<h2 class=\"elementor-heading-title elementor-size-default\">Kontakt<\/h2>\t\t<\/div>\n\t\t\t\t<\/div>\n\t\t\t\t<div class=\"elementor-element elementor-element-902d3e3 elementor-widget-divider--view-line_icon elementor-view-default elementor-widget-divider--element-align-center elementor-widget elementor-widget-divider\" data-id=\"902d3e3\" data-element_type=\"widget\" data-widget_type=\"divider.default\">\n\t\t\t\t<div class=\"elementor-widget-container\">\n\t\t\t\t\t<div class=\"elementor-divider\">\n\t\t\t<span class=\"elementor-divider-separator\">\n\t\t\t\t\t\t\t<div class=\"elementor-icon elementor-divider__element\">\n\t\t\t\t\t<i aria-hidden=\"true\" class=\"fas fa-phone\"><\/i><\/div>\n\t\t\t\t\t\t<\/span>\n\t\t<\/div>\n\t\t\t\t<\/div>\n\t\t\t\t<\/div>\n\t\t\t\t\t<\/div>\n\t\t<\/div>\n\t\t\t\t\t<\/div>\n\t\t<\/section>\n\t\t\t\t<section class=\"elementor-section elementor-top-section elementor-element elementor-element-7c7f45e elementor-section-boxed elementor-section-height-default elementor-section-height-default\" data-id=\"7c7f45e\" data-element_type=\"section\">\n\t\t\t\t\t\t<div class=\"elementor-container elementor-column-gap-default\">\n\t\t\t\t\t<div class=\"elementor-column elementor-col-50 elementor-top-column elementor-element elementor-element-2336b97\" data-id=\"2336b97\" data-element_type=\"column\">\n\t\t\t<div class=\"elementor-widget-wrap elementor-element-populated\">\n\t\t\t\t\t\t<div class=\"elementor-element elementor-element-7baaac16 elementor-widget elementor-widget-heading\" data-id=\"7baaac16\" data-element_type=\"widget\" data-widget_type=\"heading.default\">\n\t\t\t\t<div class=\"elementor-widget-container\">\n\t\t\t<h6 class=\"elementor-heading-title elementor-size-default\">BIURO OBS\u0141UGI KLIENTA<\/h6>\t\t<\/div>\n\t\t\t\t<\/div>\n\t\t\t\t<div class=\"elementor-element elementor-element-70e53954 elementor-widget elementor-widget-heading\" data-id=\"70e53954\" data-element_type=\"widget\" data-widget_type=\"heading.default\">\n\t\t\t\t<div class=\"elementor-widget-container\">\n\t\t\t<h6 class=\"elementor-heading-title elementor-size-default\">tel. 44 632 73 54<br>44 712 00 00<\/h6>\t\t<\/div>\n\t\t\t\t<\/div>\n\t\t\t\t<div class=\"elementor-element elementor-element-49293a27 elementor-widget elementor-widget-heading\" data-id=\"49293a27\" data-element_type=\"widget\" data-widget_type=\"heading.default\">\n\t\t\t\t<div class=\"elementor-widget-container\">\n\t\t\t<h3 class=\"elementor-heading-title elementor-size-default\">ulica Wojska Polskiego 23c, 97-400 Be\u0142chat\u00f3w<\/h3>\t\t<\/div>\n\t\t\t\t<\/div>\n\t\t\t\t<div class=\"elementor-element elementor-element-b360d38 elementor-widget elementor-widget-heading\" data-id=\"b360d38\" data-element_type=\"widget\" data-widget_type=\"heading.default\">\n\t\t\t\t<div class=\"elementor-widget-container\">\n\t\t\t<h3 class=\"elementor-heading-title elementor-size-default\">Mo\u017cesz te\u017c napisa\u0107 na adres mail: biuro@dolsat.pl lub ebok@dolsat.pl<\/h3>\t\t<\/div>\n\t\t\t\t<\/div>\n\t\t\t\t<div class=\"elementor-element elementor-element-71421e74 elementor-widget elementor-widget-google_maps\" data-id=\"71421e74\" data-element_type=\"widget\" data-widget_type=\"google_maps.default\">\n\t\t\t\t<div class=\"elementor-widget-container\">\n\t\t\t\t\t<div class=\"elementor-custom-embed\">\n\t\t\t<iframe loading=\"lazy\"\n\t\t\t\t\tsrc=\"https:\/\/maps.google.com\/maps?q=dolsat%20be%C5%82chat%C3%B3w&#038;t=m&#038;z=18&#038;output=embed&#038;iwloc=near\"\n\t\t\t\t\ttitle=\"dolsat be\u0142chat\u00f3w\"\n\t\t\t\t\taria-label=\"dolsat be\u0142chat\u00f3w\"\n\t\t\t><\/iframe>\n\t\t<\/div>\n\t\t\t\t<\/div>\n\t\t\t\t<\/div>\n\t\t\t\t\t<\/div>\n\t\t<\/div>\n\t\t\t\t<div class=\"elementor-column elementor-col-50 elementor-top-column elementor-element elementor-element-40a5289\" data-id=\"40a5289\" data-element_type=\"column\">\n\t\t\t<div class=\"elementor-widget-wrap elementor-element-populated\">\n\t\t\t\t\t\t<div class=\"elementor-element elementor-element-61fde5a elementor-widget elementor-widget-accordion\" data-id=\"61fde5a\" data-element_type=\"widget\" data-widget_type=\"accordion.default\">\n\t\t\t\t<div class=\"elementor-widget-container\">\n\t\t\t\t\t<div class=\"elementor-accordion\">\n\t\t\t\t\t\t\t<div class=\"elementor-accordion-item\">\n\t\t\t\t\t<div id=\"elementor-tab-title-1021\" class=\"elementor-tab-title\" data-tab=\"1\" role=\"button\" aria-controls=\"elementor-tab-content-1021\" aria-expanded=\"false\">\n\t\t\t\t\t\t\t\t\t\t\t\t\t<span class=\"elementor-accordion-icon elementor-accordion-icon-left\" aria-hidden=\"true\">\n\t\t\t\t\t\t\t\t\t\t\t\t\t\t\t<span class=\"elementor-accordion-icon-closed\"><i class=\"fas fa-plus\"><\/i><\/span>\n\t\t\t\t\t\t\t\t<span class=\"elementor-accordion-icon-opened\"><i class=\"fas fa-minus\"><\/i><\/span>\n\t\t\t\t\t\t\t\t\t\t\t\t\t\t<\/span>\n\t\t\t\t\t\t\t\t\t\t\t\t<a class=\"elementor-accordion-title\" tabindex=\"0\">Godziny pracy<\/a>\n\t\t\t\t\t<\/div>\n\t\t\t\t\t<div id=\"elementor-tab-content-1021\" class=\"elementor-tab-content elementor-clearfix\" data-tab=\"1\" role=\"region\" aria-labelledby=\"elementor-tab-title-1021\"><p>Poniedzia\u0142ek <strong>08.00 &#8211; 15.00<\/strong><br \/>Wtorek <strong>10.00 &#8211; 17.30<\/strong><br \/>\u015aroda <strong>08.00 &#8211; 15.00<\/strong><br \/>Czwartek <strong>10.00 &#8211; 17.30<\/strong><br \/>Pi\u0105tek <strong>08.00 &#8211; 15.00<\/strong><\/p><\/div>\n\t\t\t\t<\/div>\n\t\t\t\t\t\t\t<div class=\"elementor-accordion-item\">\n\t\t\t\t\t<div id=\"elementor-tab-title-1022\" class=\"elementor-tab-title\" data-tab=\"2\" role=\"button\" aria-controls=\"elementor-tab-content-1022\" aria-expanded=\"false\">\n\t\t\t\t\t\t\t\t\t\t\t\t\t<span class=\"elementor-accordion-icon elementor-accordion-icon-left\" aria-hidden=\"true\">\n\t\t\t\t\t\t\t\t\t\t\t\t\t\t\t<span class=\"elementor-accordion-icon-closed\"><i class=\"fas fa-plus\"><\/i><\/span>\n\t\t\t\t\t\t\t\t<span class=\"elementor-accordion-icon-opened\"><i class=\"fas fa-minus\"><\/i><\/span>\n\t\t\t\t\t\t\t\t\t\t\t\t\t\t<\/span>\n\t\t\t\t\t\t\t\t\t\t\t\t<a class=\"elementor-accordion-title\" tabindex=\"0\">Obs\u0142uga wsp\u00f3lnot<\/a>\n\t\t\t\t\t<\/div>\n\t\t\t\t\t<div id=\"elementor-tab-content-1022\" class=\"elementor-tab-content elementor-clearfix\" data-tab=\"2\" role=\"region\" aria-labelledby=\"elementor-tab-title-1022\"><p>Numery kontaktowe:<\/p><p><strong>44 712 04 44<\/strong> administracja (w godzinach pracy biura)<\/p><p><strong>44 712 02 22<\/strong> Pogotowie techniczne ca\u0142odobowe &#8211; zg\u0142aszanie awarii dot. wody, gazu, kanalizacji, ogrzewania<\/p><p>44 712 03 33 zg\u0142aszanie drobnych awarii i usterek (np. elektryczne, remontowe)<\/p><\/div>\n\t\t\t\t<\/div>\n\t\t\t\t\t\t\t<div class=\"elementor-accordion-item\">\n\t\t\t\t\t<div id=\"elementor-tab-title-1023\" class=\"elementor-tab-title\" data-tab=\"3\" role=\"button\" aria-controls=\"elementor-tab-content-1023\" aria-expanded=\"false\">\n\t\t\t\t\t\t\t\t\t\t\t\t\t<span class=\"elementor-accordion-icon elementor-accordion-icon-left\" aria-hidden=\"true\">\n\t\t\t\t\t\t\t\t\t\t\t\t\t\t\t<span class=\"elementor-accordion-icon-closed\"><i class=\"fas fa-plus\"><\/i><\/span>\n\t\t\t\t\t\t\t\t<span class=\"elementor-accordion-icon-opened\"><i class=\"fas fa-minus\"><\/i><\/span>\n\t\t\t\t\t\t\t\t\t\t\t\t\t\t<\/span>\n\t\t\t\t\t\t\t\t\t\t\t\t<a class=\"elementor-accordion-title\" tabindex=\"0\">Serwis Techniczny<\/a>\n\t\t\t\t\t<\/div>\n\t\t\t\t\t<div id=\"elementor-tab-content-1023\" class=\"elementor-tab-content elementor-clearfix\" data-tab=\"3\" role=\"region\" aria-labelledby=\"elementor-tab-title-1023\"><h2 style=\"font-style: normal; line-height: 1.25em; text-align: center;\">Us\u0142uga Internetu<\/h2>\n<p style=\"font-size: 16px; font-style: normal;\"><b><br>Informatycy \u2013 telefon&nbsp;603 988 822<\/b><br>Telefon czynny jest 7 dni w tygodniu w godzinach od 8:00 do 18:00<br>Kontakt z administratorem sieci:&nbsp;<span style=\"font-weight: bold;\">admin@dolsat.pl<\/span><br><span style=\"font-weight: bold;\"><br>!!! WA\u017bNE !!!<\/span><br>W wysy\u0142anych przez Pa\u0144stwa listach prosimy podawa\u0107:<\/p>\n<ul style=\"font-size: 16px; font-style: normal; font-weight: 300;\">\n<li style=\"font-size: 16px;\">Imi\u0119 i Nazwisko i kod abonenta \u2013 (opcjonalnie)<\/li>\n<li style=\"font-size: 16px;\">Opis problemu<\/li>\n<li style=\"font-size: 16px;\">Nr telefonu kontaktowego<\/li>\n<li style=\"font-size: 16px;\">Dok\u0142adny adres zamieszkania Tylko prawid\u0142owo wype\u0142nione listy s\u0105 gwarancj\u0105 rozpatrzenia problemu.<\/li>\n<\/ul>\n<div>\n<h2 style=\"font-style: normal; line-height: 1.25em; text-align: center;\">Us\u0142uga telefonii<\/h2>\n<p style=\"font-size: 16px; font-style: normal;\"><span style=\"background-color: var( --e-global-color-c696dce ); color: var(--ast-global-color-3);\"><br><b>!!! WA\u017bNE !!!<br><\/b><\/span><span style=\"font-weight: 300; background-color: var( --e-global-color-c696dce ); color: var(--ast-global-color-3);\">Aparat telefoniczny MUSI posiada\u0107 funkcj\u0119 wybierania TONOWEGO. W przypadku niedzia\u0142ania telefonu prosimy sprawdzi\u0107 w instrukcji obs\u0142ugi, czy aparat jest ustawiony w w\/w tryb wybierania numeru.<\/span><\/p>\n<p style=\"font-size: 16px; font-style: normal; font-weight: 300;\">Wszelkie problemy podczas wykonywania rozm\u00f3w mo\u017cna zg\u0142asza\u0107 pod numer:&nbsp;<span style=\"font-weight: bold;\">44 739 80 00<\/span>&nbsp;lub numer serwisowy:&nbsp;<span style=\"font-weight: bold;\">603 988 822<\/span>&nbsp;telefony czynne s\u0105 7 dni w tygodniu w godz. 8:00 \u2013 18:00 ewentualnie na adres e-mail:&nbsp;<span style=\"font-weight: bold;\">voip@dolsat.pl<\/span>&nbsp;W wysy\u0142anych przez Pa\u0144stwa listach prosimy podawa\u0107&nbsp;<span style=\"text-decoration-line: underline;\">dok\u0142adny adres zamieszkania.<\/span><\/p><h2 style=\"font-style: normal; text-align: center;\">Us\u0142uga telewizji<\/h2><div><br><\/div><p style=\"font-size: 16px; font-style: normal; font-weight: 300;\">Kontakt z serwisem technicznym:&nbsp;<span style=\"font-weight: 700;\">601 330 225, 601 315 544,<\/span><br>e-mail:&nbsp;<span style=\"font-weight: 700;\">serwistv@dolsat.pl<\/span><span style=\"text-decoration-line: underline;\"><\/span><\/p>\n<\/div><\/div>\n\t\t\t\t<\/div>\n\t\t\t\t\t\t\t<div class=\"elementor-accordion-item\">\n\t\t\t\t\t<div id=\"elementor-tab-title-1024\" class=\"elementor-tab-title\" data-tab=\"4\" role=\"button\" aria-controls=\"elementor-tab-content-1024\" aria-expanded=\"false\">\n\t\t\t\t\t\t\t\t\t\t\t\t\t<span class=\"elementor-accordion-icon elementor-accordion-icon-left\" aria-hidden=\"true\">\n\t\t\t\t\t\t\t\t\t\t\t\t\t\t\t<span class=\"elementor-accordion-icon-closed\"><i class=\"fas fa-plus\"><\/i><\/span>\n\t\t\t\t\t\t\t\t<span class=\"elementor-accordion-icon-opened\"><i class=\"fas fa-minus\"><\/i><\/span>\n\t\t\t\t\t\t\t\t\t\t\t\t\t\t<\/span>\n\t\t\t\t\t\t\t\t\t\t\t\t<a class=\"elementor-accordion-title\" tabindex=\"0\">Redakcja TKB<\/a>\n\t\t\t\t\t<\/div>\n\t\t\t\t\t<div id=\"elementor-tab-content-1024\" class=\"elementor-tab-content elementor-clearfix\" data-tab=\"4\" role=\"region\" aria-labelledby=\"elementor-tab-title-1024\"><p><strong>tel. 44 635 08 07<\/strong><\/p><p>Redaktor Naczelny<br \/><strong>tel. 601 307 761<\/strong><\/p><p>Dziennikarz<br \/><strong>tel. 605 309 304<\/strong><\/p><p>tkb@dolsat.pl<\/p><\/div>\n\t\t\t\t<\/div>\n\t\t\t\t\t\t\t<div class=\"elementor-accordion-item\">\n\t\t\t\t\t<div id=\"elementor-tab-title-1025\" class=\"elementor-tab-title\" data-tab=\"5\" role=\"button\" aria-controls=\"elementor-tab-content-1025\" aria-expanded=\"false\">\n\t\t\t\t\t\t\t\t\t\t\t\t\t<span class=\"elementor-accordion-icon elementor-accordion-icon-left\" aria-hidden=\"true\">\n\t\t\t\t\t\t\t\t\t\t\t\t\t\t\t<span class=\"elementor-accordion-icon-closed\"><i class=\"fas fa-plus\"><\/i><\/span>\n\t\t\t\t\t\t\t\t<span class=\"elementor-accordion-icon-opened\"><i class=\"fas fa-minus\"><\/i><\/span>\n\t\t\t\t\t\t\t\t\t\t\t\t\t\t<\/span>\n\t\t\t\t\t\t\t\t\t\t\t\t<a class=\"elementor-accordion-title\" tabindex=\"0\">Biuro Reklamy<\/a>\n\t\t\t\t\t<\/div>\n\t\t\t\t\t<div id=\"elementor-tab-content-1025\" class=\"elementor-tab-content elementor-clearfix\" data-tab=\"5\" role=\"region\" aria-labelledby=\"elementor-tab-title-1025\"><p>tel. <strong>609 471 277<\/strong><br \/><strong style=\"font-size: 16px;\">biuroreklamy@dolsat.pl<\/strong><\/p><p><a>Dowiedz si\u0119 wi\u0119cej<\/a><\/p><p>Daj si\u0119 zauwa\u017cy\u0107 \u2013 reklamuj si\u0119 w DOLSAT<\/p><\/div>\n\t\t\t\t<\/div>\n\t\t\t\t\t\t\t\t<\/div>\n\t\t\t\t<\/div>\n\t\t\t\t<\/div>\n\t\t\t\t<div class=\"elementor-element elementor-element-78379cb elementor-alert-warning elementor-widget elementor-widget-alert\" data-id=\"78379cb\" data-element_type=\"widget\" data-widget_type=\"alert.default\">\n\t\t\t\t<div class=\"elementor-widget-container\">\n\t\t\t\t\t<div class=\"elementor-alert\" role=\"alert\">\n\n\t\t\t\t\t\t<span class=\"elementor-alert-title\">Nota informacyjna<\/span>\n\t\t\t\n\t\t\t\t\t\t<span class=\"elementor-alert-description\">Uprzejmie informujemy, \u017ce podmiotem uprawnionym, w rozumieniu ustawy z dnia 23 wrze\u015bnia 2016 r. o pozas\u0105dowym rozwi\u0105zywaniu spor\u00f3w konsumenckich (Dz.U.2016.1823), do prowadzenia post\u0119powania w sprawie pozas\u0105dowego rozwi\u0105zywania spor\u00f3w konsumenckich mi\u0119dzy konsumentem a dostawc\u0105 us\u0142ug publicznie dost\u0119pnych telekomunikacyjnych, jest Prezes Urz\u0119du Komunikacji Elektronicznej (www.uke.gov.pl).<\/span>\n\t\t\t\n\t\t\t\n\t\t<\/div>\n\t\t\t\t<\/div>\n\t\t\t\t<\/div>\n\t\t\t\t\t<\/div>\n\t\t<\/div>\n\t\t\t\t\t<\/div>\n\t\t<\/section>\n\t\t\t\t<section class=\"elementor-section elementor-top-section elementor-element elementor-element-b54852b elementor-section-boxed elementor-section-height-default elementor-section-height-default\" data-id=\"b54852b\" data-element_type=\"section\">\n\t\t\t\t\t\t<div class=\"elementor-container elementor-column-gap-default\">\n\t\t\t\t\t<div class=\"elementor-column elementor-col-100 elementor-top-column elementor-element elementor-element-0c60b0e\" data-id=\"0c60b0e\" data-element_type=\"column\">\n\t\t\t<div class=\"elementor-widget-wrap elementor-element-populated\">\n\t\t\t\t\t\t<div class=\"elementor-element elementor-element-14badef6 elementor-shape-rounded elementor-grid-0 e-grid-align-center elementor-widget elementor-widget-social-icons\" data-id=\"14badef6\" data-element_type=\"widget\" data-widget_type=\"social-icons.default\">\n\t\t\t\t<div class=\"elementor-widget-container\">\n\t\t\t\t\t<div class=\"elementor-social-icons-wrapper elementor-grid\">\n\t\t\t\t\t\t\t<span class=\"elementor-grid-item\">\n\t\t\t\t\t<a class=\"elementor-icon elementor-social-icon elementor-social-icon-facebook-f elementor-animation-grow elementor-repeater-item-9c86cde\" target=\"_blank\">\n\t\t\t\t\t\t<span class=\"elementor-screen-only\">Facebook-f<\/span>\n\t\t\t\t\t\t<i class=\"fab fa-facebook-f\"><\/i>\t\t\t\t\t<\/a>\n\t\t\t\t<\/span>\n\t\t\t\t\t\t\t<span class=\"elementor-grid-item\">\n\t\t\t\t\t<a class=\"elementor-icon elementor-social-icon elementor-social-icon-twitter elementor-animation-grow elementor-repeater-item-7f0e5c7\" target=\"_blank\">\n\t\t\t\t\t\t<span class=\"elementor-screen-only\">Twitter<\/span>\n\t\t\t\t\t\t<i class=\"fab fa-twitter\"><\/i>\t\t\t\t\t<\/a>\n\t\t\t\t<\/span>\n\t\t\t\t\t\t\t<span class=\"elementor-grid-item\">\n\t\t\t\t\t<a class=\"elementor-icon elementor-social-icon elementor-social-icon-google-plus-g elementor-animation-grow elementor-repeater-item-7e1d56b\" target=\"_blank\">\n\t\t\t\t\t\t<span class=\"elementor-screen-only\">Google-plus-g<\/span>\n\t\t\t\t\t\t<i class=\"fab fa-google-plus-g\"><\/i>\t\t\t\t\t<\/a>\n\t\t\t\t<\/span>\n\t\t\t\t\t\t\t<span class=\"elementor-grid-item\">\n\t\t\t\t\t<a class=\"elementor-icon elementor-social-icon elementor-social-icon-instagram elementor-animation-grow elementor-repeater-item-7b9d1bc\" target=\"_blank\">\n\t\t\t\t\t\t<span class=\"elementor-screen-only\">Instagram<\/span>\n\t\t\t\t\t\t<i class=\"fab fa-instagram\"><\/i>\t\t\t\t\t<\/a>\n\t\t\t\t<\/span>\n\t\t\t\t\t\t\t<span class=\"elementor-grid-item\">\n\t\t\t\t\t<a class=\"elementor-icon elementor-social-icon elementor-social-icon-youtube elementor-animation-grow elementor-repeater-item-1cfae18\" target=\"_blank\">\n\t\t\t\t\t\t<span class=\"elementor-screen-only\">Youtube<\/span>\n\t\t\t\t\t\t<i class=\"fab fa-youtube\"><\/i>\t\t\t\t\t<\/a>\n\t\t\t\t<\/span>\n\t\t\t\t\t\t\t<span class=\"elementor-grid-item\">\n\t\t\t\t\t<a class=\"elementor-icon elementor-social-icon elementor-social-icon-pinterest elementor-animation-grow elementor-repeater-item-6b9a598\" target=\"_blank\">\n\t\t\t\t\t\t<span class=\"elementor-screen-only\">Pinterest<\/span>\n\t\t\t\t\t\t<i class=\"fab fa-pinterest\"><\/i>\t\t\t\t\t<\/a>\n\t\t\t\t<\/span>\n\t\t\t\t\t<\/div>\n\t\t\t\t<\/div>\n\t\t\t\t<\/div>\n\t\t\t\t\t<\/div>\n\t\t<\/div>\n\t\t\t\t\t<\/div>\n\t\t<\/section>\n\t\t\t\t<\/div>\n\t\t","protected":false},"excerpt":{"rendered":"<p>Kontakt BIURO OBS\u0141UGI KLIENTA tel. 44 632 73 5444 712 00 00 ulica Wojska Polskiego 23c, 97-400 Be\u0142chat\u00f3w Mo\u017cesz te\u017c napisa\u0107 na adres mail: biuro@dolsat.pl lub ebok@dolsat.pl Godziny pracy Poniedzia\u0142ek 08.00 &#8211; 15.00Wtorek 10.00 &#8211; 17.30\u015aroda 08.00 &#8211; 15.00Czwartek 10.00 &#8211; 17.30Pi\u0105tek 08.00 &#8211; 15.00 Obs\u0142uga wsp\u00f3lnot Numery kontaktowe: 44 712 04 44 administracja (w &hellip;<\/p>\n<p class=\"read-more\"> <a class=\"\" href=\"https:\/\/www.dolsat.pl\/?page_id=306\"> <span class=\"screen-reader-text\">Kontakt<\/span> Read More &raquo;<\/a><\/p>\n","protected":false},"author":1,"featured_media":0,"parent":0,"menu_order":0,"comment_status":"closed","ping_status":"closed","template":"elementor_header_footer","meta":{"_eb_attr":"","_uag_custom_page_level_css":"","site-sidebar-layout":"default","site-content-layout":"default","ast-global-header-display":"","ast-main-header-display":"","ast-hfb-above-header-display":"","ast-hfb-below-header-display":"","ast-hfb-mobile-header-display":"","site-post-title":"","ast-breadcrumbs-content":"","ast-featured-img":"","footer-sml-layout":"","theme-transparent-header-meta":"","adv-header-id-meta":"","stick-header-meta":"","header-above-stick-meta":"","header-main-stick-meta":"","header-below-stick-meta":"","footnotes":""},"class_list":["post-306","page","type-page","status-publish","hentry"],"uagb_featured_image_src":{"full":false,"thumbnail":false,"medium":false,"medium_large":false,"large":false,"1536x1536":false,"2048x2048":false},"uagb_author_info":{"display_name":"sudo","author_link":"https:\/\/www.dolsat.pl\/?author=1"},"uagb_comment_info":0,"uagb_excerpt":"Kontakt BIURO OBS\u0141UGI KLIENTA tel. 44 632 73 5444 712 00 00 ulica Wojska Polskiego 23c, 97-400 Be\u0142chat\u00f3w Mo\u017cesz te\u017c napisa\u0107 na adres mail: biuro@dolsat.pl lub ebok@dolsat.pl Godziny pracy Poniedzia\u0142ek 08.00 &#8211; 15.00Wtorek 10.00 &#8211; 17.30\u015aroda 08.00 &#8211; 15.00Czwartek 10.00 &#8211; 17.30Pi\u0105tek 08.00 &#8211; 15.00 Obs\u0142uga wsp\u00f3lnot Numery kontaktowe: 44 712 04 44 administracja (w&hellip;","_links":{"self":[{"href":"https:\/\/www.dolsat.pl\/index.php?rest_route=\/wp\/v2\/pages\/306","targetHints":{"allow":["GET"]}}],"collection":[{"href":"https:\/\/www.dolsat.pl\/index.php?rest_route=\/wp\/v2\/pages"}],"about":[{"href":"https:\/\/www.dolsat.pl\/index.php?rest_route=\/wp\/v2\/types\/page"}],"author":[{"embeddable":true,"href":"https:\/\/www.dolsat.pl\/index.php?rest_route=\/wp\/v2\/users\/1"}],"replies":[{"embeddable":true,"href":"https:\/\/www.dolsat.pl\/index.php?rest_route=%2Fwp%2Fv2%2Fcomments&post=306"}],"version-history":[{"count":32,"href":"https:\/\/www.dolsat.pl\/index.php?rest_route=\/wp\/v2\/pages\/306\/revisions"}],"predecessor-version":[{"id":918,"href":"https:\/\/www.dolsat.pl\/index.php?rest_route=\/wp\/v2\/pages\/306\/revisions\/918"}],"wp:attachment":[{"href":"https:\/\/www.dolsat.pl\/index.php?rest_route=%2Fwp%2Fv2%2Fmedia&parent=306"}],"curies":[{"name":"wp","href":"https:\/\/api.w.org\/{rel}","templated":true}]}}