{"id":415,"date":"2023-02-24T10:03:37","date_gmt":"2023-02-24T09:03:37","guid":{"rendered":"https:\/\/www.dolsat.pl\/?page_id=415"},"modified":"2025-09-17T11:25:41","modified_gmt":"2025-09-17T09:25:41","slug":"telewizja","status":"publish","type":"page","link":"https:\/\/www.dolsat.pl\/?page_id=415","title":{"rendered":"Telewizja"},"content":{"rendered":"\t\t<div data-elementor-type=\"wp-page\" data-elementor-id=\"415\" class=\"elementor elementor-415\">\n\t\t\t\t\t\t<section class=\"elementor-section elementor-top-section elementor-element elementor-element-3ef203a elementor-section-height-min-height elementor-section-items-stretch elementor-section-content-middle elementor-section-boxed elementor-section-height-default\" data-id=\"3ef203a\" data-element_type=\"section\">\n\t\t\t\t\t\t<div class=\"elementor-container elementor-column-gap-no\">\n\t\t\t\t\t<div class=\"elementor-column elementor-col-100 elementor-top-column elementor-element elementor-element-a3d0171\" data-id=\"a3d0171\" data-element_type=\"column\">\n\t\t\t<div class=\"elementor-widget-wrap elementor-element-populated\">\n\t\t\t\t\t\t<div class=\"elementor-element elementor-element-a42eb47 elementor-invisible elementor-widget elementor-widget-heading\" data-id=\"a42eb47\" data-element_type=\"widget\" data-settings=\"{&quot;_animation&quot;:&quot;fadeIn&quot;}\" data-widget_type=\"heading.default\">\n\t\t\t\t<div class=\"elementor-widget-container\">\n\t\t\t<h1 class=\"elementor-heading-title elementor-size-default\">Telewizja<\/h1>\t\t<\/div>\n\t\t\t\t<\/div>\n\t\t\t\t<div class=\"elementor-element elementor-element-dcb45b3 elementor-widget elementor-widget-eael-fancy-text\" data-id=\"dcb45b3\" data-element_type=\"widget\" data-widget_type=\"eael-fancy-text.default\">\n\t\t\t\t<div class=\"elementor-widget-container\">\n\t\t\t\n\t<div  class=\"eael-fancy-text-container style-1\" data-fancy-text-id=\"dcb45b3\" data-fancy-text=\"|KINO - 30 kana\u0142\u00f3w, w tym 22 HD|MULTIKINO DVB-T - 125 kana\u0142\u00f3w cyfrowych DVB-T, w tym 90 HD|EXTRA HD - 35 kana\u0142\u00f3w cyfrowych w tym 30 HD\" data-fancy-text-transition-type=\"typing\" data-fancy-text-speed=\"50\" data-fancy-text-delay=\"2500\" data-fancy-text-cursor=\"yes\" data-fancy-text-loop=\"yes\" >\n\t\t\t\t\t<span class=\"eael-fancy-text-prefix\">Pakiet <\/span>\n\t\t\n\t\t\n\t\t\t\t\t<span id=\"eael-fancy-text-dcb45b3\" class=\"eael-fancy-text-strings solid-color\">\n\t\t\t\t<noscript>\n\t\t\t\t\tKINO - 30 kana\u0142\u00f3w, w tym 22 HD, MULTIKINO DVB-T - 125 kana\u0142\u00f3w cyfrowych DVB-T, w tym 90 HD, EXTRA HD - 35 kana\u0142\u00f3w cyfrowych w tym 30 HD\t\t\t\t<\/noscript>\n\t\t\t<\/span>\n\t\t\n\t\t\t<\/div><!-- close .eael-fancy-text-container -->\n\n\t<div class=\"clearfix\"><\/div>\n\n\t\t\t<\/div>\n\t\t\t\t<\/div>\n\t\t\t\t\t<\/div>\n\t\t<\/div>\n\t\t\t\t\t<\/div>\n\t\t<\/section>\n\t\t\t\t<section class=\"elementor-section elementor-top-section elementor-element elementor-element-731dd21 elementor-section-boxed elementor-section-height-default elementor-section-height-default\" data-id=\"731dd21\" data-element_type=\"section\">\n\t\t\t\t\t\t<div class=\"elementor-container elementor-column-gap-default\">\n\t\t\t\t\t<div class=\"elementor-column elementor-col-100 elementor-top-column elementor-element elementor-element-5c479d2\" data-id=\"5c479d2\" data-element_type=\"column\">\n\t\t\t<div class=\"elementor-widget-wrap elementor-element-populated\">\n\t\t\t\t\t\t<div class=\"elementor-element elementor-element-865d1ff elementor-alert-success elementor-widget elementor-widget-alert\" data-id=\"865d1ff\" data-element_type=\"widget\" data-widget_type=\"alert.default\">\n\t\t\t\t<div class=\"elementor-widget-container\">\n\t\t\t\t\t<div class=\"elementor-alert\" role=\"alert\">\n\n\t\t\t\t\t\t<span class=\"elementor-alert-title\">Lokalno\u015b\u0107 to nasz atut, zwa\u017cywszy na zaufanie tysi\u0119cy klient\u00f3w.<br><br><\/span>\n\t\t\t\n\t\t\t\t\t\t<span class=\"elementor-alert-description\">Wieloletnie do\u015bwiadczenie, wiedza, \u015bwietnie wykwalifikowany personel to jeden z tajnik\u00f3w sukcesu. Staramy si\u0119 sprosta\u0107 oczekiwaniom naszych klient\u00f3w. Widzimy Pa\u0144stwa potrzeby, z zainteresowaniem ws\u0142uchujemy si\u0119 w Pa\u0144stwa opinie, st\u0105d wdra\u017cane s\u0105 do oferty kolejne nowo\u015bci programowe. Liczne ankiety i sondy pozwalaj\u0105 uk\u0142ada\u0107 nam razem z naszymi klientami wyj\u0105tkow\u0105 ofert\u0119 programow\u0105.<br\/><br\/>\n\n<strong>My\u015blimy globalnie\u2026 dzia\u0142amy lokalnie i to jest nasza mocna strona.<\/strong><\/span>\n\t\t\t\n\t\t\t\n\t\t<\/div>\n\t\t\t\t<\/div>\n\t\t\t\t<\/div>\n\t\t\t\t\t<\/div>\n\t\t<\/div>\n\t\t\t\t\t<\/div>\n\t\t<\/section>\n\t\t\t\t<section class=\"elementor-section elementor-top-section elementor-element elementor-element-d0fa669 elementor-section-boxed elementor-section-height-default elementor-section-height-default\" data-id=\"d0fa669\" data-element_type=\"section\">\n\t\t\t\t\t\t<div class=\"elementor-container elementor-column-gap-default\">\n\t\t\t\t\t<div class=\"elementor-column elementor-col-100 elementor-top-column elementor-element elementor-element-d3d01a3\" data-id=\"d3d01a3\" data-element_type=\"column\">\n\t\t\t<div class=\"elementor-widget-wrap elementor-element-populated\">\n\t\t\t\t\t\t<div class=\"elementor-element elementor-element-1f1603c elementor-widget elementor-widget-text-editor\" data-id=\"1f1603c\" data-element_type=\"widget\" data-widget_type=\"text-editor.default\">\n\t\t\t\t<div class=\"elementor-widget-container\">\n\t\t\t\t\t\t\t<p>Nasza oferta programowa to najlepsze filmy, doskona\u0142e programy informacyjne i publicystyczne. Dzi\u0119ki kana\u0142om tematycznym oraz przyrodniczo-naukowym zdob\u0119d\u0105 Pa\u0144stwo now\u0105 wiedz\u0119, zainteresowania. Najzabawniejsze kresk\u00f3wki, a tak\u017ce programy rozrywkowe i muzyczne dostarcz\u0105 mn\u00f3stwo relaksu, rado\u015bci. A to wszystko z najwy\u017csz\u0105 jako\u015bci\u0105 techniczn\u0105 obrazu i d\u017awi\u0119ku<\/p><p>Stale poszerzamy ofert\u0119 programow\u0105 o programy ciesz\u0105ce si\u0119 najwi\u0119ksz\u0105 popularno\u015bci\u0105 w og\u00f3lnopolskich rankingach ogl\u0105dalno\u015bci.\u00a0<\/p>\t\t\t\t\t\t<\/div>\n\t\t\t\t<\/div>\n\t\t\t\t<div class=\"elementor-element elementor-element-b534758 elementor-arrows-position-outside elementor-invisible elementor-widget elementor-widget-image-carousel\" data-id=\"b534758\" data-element_type=\"widget\" data-settings=\"{&quot;slides_to_show&quot;:&quot;5&quot;,&quot;navigation&quot;:&quot;arrows&quot;,&quot;image_spacing_custom&quot;:{&quot;unit&quot;:&quot;px&quot;,&quot;size&quot;:0,&quot;sizes&quot;:[]},&quot;_animation&quot;:&quot;zoomIn&quot;,&quot;autoplay&quot;:&quot;yes&quot;,&quot;pause_on_hover&quot;:&quot;yes&quot;,&quot;pause_on_interaction&quot;:&quot;yes&quot;,&quot;autoplay_speed&quot;:5000,&quot;infinite&quot;:&quot;yes&quot;,&quot;speed&quot;:500,&quot;image_spacing_custom_tablet&quot;:{&quot;unit&quot;:&quot;px&quot;,&quot;size&quot;:&quot;&quot;,&quot;sizes&quot;:[]},&quot;image_spacing_custom_mobile&quot;:{&quot;unit&quot;:&quot;px&quot;,&quot;size&quot;:&quot;&quot;,&quot;sizes&quot;:[]}}\" data-widget_type=\"image-carousel.default\">\n\t\t\t\t<div class=\"elementor-widget-container\">\n\t\t\t\t\t<div class=\"elementor-image-carousel-wrapper swiper\" dir=\"ltr\">\n\t\t\t<div class=\"elementor-image-carousel swiper-wrapper\" aria-live=\"off\">\n\t\t\t\t\t\t\t\t<div class=\"swiper-slide\" role=\"group\" aria-roledescription=\"slide\" aria-label=\"1 z 8\"><figure class=\"swiper-slide-inner\"><img decoding=\"async\" class=\"swiper-slide-image\" src=\"https:\/\/www.dolsat.pl\/wp-content\/uploads\/2023\/02\/Szpiedzy-z-sasiedztwa-Keeping-Up-with-the-Joneses-04-POLSAT1-150x150.jpg\" alt=\"Szpiedzy z s\u0105siedztwa (Keeping Up with the Joneses) 04 POLSAT1\" \/><\/figure><\/div><div class=\"swiper-slide\" role=\"group\" aria-roledescription=\"slide\" aria-label=\"2 z 8\"><figure class=\"swiper-slide-inner\"><img decoding=\"async\" class=\"swiper-slide-image\" src=\"https:\/\/www.dolsat.pl\/wp-content\/uploads\/2023\/02\/Przyjaciele-z-kasa-03-POLSAT-\u00a9-2006-Sony-Pictures-Classics-Inc.-150x150.jpg\" alt=\"Przyjaciele z kas\u0105 \u00a9 2006 Sony Pictures Classics Inc.\" \/><figcaption class=\"elementor-image-carousel-caption\"><br \/>Przyjaciele z kas\u0105 <br \/>\u00a9 2006 Sony Pictures Classics Inc.<\/figcaption><\/figure><\/div><div class=\"swiper-slide\" role=\"group\" aria-roledescription=\"slide\" aria-label=\"3 z 8\"><figure class=\"swiper-slide-inner\"><img decoding=\"async\" class=\"swiper-slide-image\" src=\"https:\/\/www.dolsat.pl\/wp-content\/uploads\/2023\/02\/Dzien-Niepodleglosci-Independence-Day-02-POLSAT-\u00a9-1996-2016-Twentieth-Century-Fox-Film-Corporation.-All-rights-reserved.-150x150.jpg\" alt=\"Layout 1\" \/><\/figure><\/div><div class=\"swiper-slide\" role=\"group\" aria-roledescription=\"slide\" aria-label=\"4 z 8\"><figure class=\"swiper-slide-inner\"><img decoding=\"async\" class=\"swiper-slide-image\" src=\"https:\/\/www.dolsat.pl\/wp-content\/uploads\/2023\/02\/Potwory-kontra-Obcy-Monsters-Vs.-Aliens-03-POLSAT-\u2122-\u00a9-2009-DREAMWORKS-ANIMATION-LLC.-All-Rights-Reserved.-150x150.jpg\" alt=\"Potwory kontra Obcy (Monsters Vs. Aliens) 03 POLSAT \u2122 &amp; \u00a9 2009 DREAMWORKS ANIMATION LLC. All Rights Reserved.\" \/><\/figure><\/div><div class=\"swiper-slide\" role=\"group\" aria-roledescription=\"slide\" aria-label=\"5 z 8\"><figure class=\"swiper-slide-inner\"><img decoding=\"async\" class=\"swiper-slide-image\" src=\"https:\/\/www.dolsat.pl\/wp-content\/uploads\/2023\/02\/Piraci-z-Karaibow-Na-nieznanych-wodach-13-POLSAT-\u00a9-WALT-DISNEY-PICTURES-JERRY-BRUCKHEIMER-FILMS.-All-rights-reserved-150x150.jpg\" alt=\"Piraci z Karaib\u00f3w Na nieznanych wodach\u00a9 WALT DISNEY PICTURES JERRY BRUCKHEIMER FILMS. All rights reserve\" \/><figcaption class=\"elementor-image-carousel-caption\"><br \/>Piraci z Karaib\u00f3w Na nieznanych wodach<br \/>\u00a9 WALT DISNEY PICTURES JERRY BRUCKHEIMER FILMS. All rights reserve<\/figcaption><\/figure><\/div><div class=\"swiper-slide\" role=\"group\" aria-roledescription=\"slide\" aria-label=\"6 z 8\"><figure class=\"swiper-slide-inner\"><img decoding=\"async\" class=\"swiper-slide-image\" src=\"https:\/\/www.dolsat.pl\/wp-content\/uploads\/2023\/02\/Gierek-02-POLSAT-150x150.jpg\" alt=\"Gierek (02) POLSAT\" \/><\/figure><\/div><div class=\"swiper-slide\" role=\"group\" aria-roledescription=\"slide\" aria-label=\"7 z 8\"><figure class=\"swiper-slide-inner\"><img decoding=\"async\" class=\"swiper-slide-image\" src=\"https:\/\/www.dolsat.pl\/wp-content\/uploads\/2023\/02\/Auta-3-05-POLSAT-\u00a9Disney-and-Pixar-150x150.jpg\" alt=\"Auta 3 (05) POLSAT \u00a9Disney and Pixar\" \/><\/figure><\/div><div class=\"swiper-slide\" role=\"group\" aria-roledescription=\"slide\" aria-label=\"8 z 8\"><figure class=\"swiper-slide-inner\"><img decoding=\"async\" class=\"swiper-slide-image\" src=\"https:\/\/www.dolsat.pl\/wp-content\/uploads\/2023\/02\/20221108_maszyna-urania_1262-150x150.jpg\" alt=\"20221108_maszyna urania_1262\" \/><\/figure><\/div>\t\t\t<\/div>\n\t\t\t\t\t\t\t\t\t\t\t\t<div class=\"elementor-swiper-button elementor-swiper-button-prev\" role=\"button\" tabindex=\"0\">\n\t\t\t\t\t\t<i aria-hidden=\"true\" class=\"eicon-chevron-left\"><\/i>\t\t\t\t\t<\/div>\n\t\t\t\t\t<div class=\"elementor-swiper-button elementor-swiper-button-next\" role=\"button\" tabindex=\"0\">\n\t\t\t\t\t\t<i aria-hidden=\"true\" class=\"eicon-chevron-right\"><\/i>\t\t\t\t\t<\/div>\n\t\t\t\t\n\t\t\t\t\t\t\t\t\t<\/div>\n\t\t\t\t<\/div>\n\t\t\t\t<\/div>\n\t\t\t\t\t<\/div>\n\t\t<\/div>\n\t\t\t\t\t<\/div>\n\t\t<\/section>\n\t\t\t\t<section class=\"elementor-section elementor-top-section elementor-element elementor-element-83f6589 elementor-section-boxed elementor-section-height-default elementor-section-height-default\" data-id=\"83f6589\" data-element_type=\"section\">\n\t\t\t\t\t\t<div class=\"elementor-container elementor-column-gap-default\">\n\t\t\t\t\t<div class=\"elementor-column elementor-col-100 elementor-top-column elementor-element elementor-element-a6a270f\" data-id=\"a6a270f\" data-element_type=\"column\">\n\t\t\t<div class=\"elementor-widget-wrap elementor-element-populated\">\n\t\t\t\t\t\t<div class=\"elementor-element elementor-element-49f0823 elementor-widget-divider--view-line elementor-widget elementor-widget-divider\" data-id=\"49f0823\" data-element_type=\"widget\" data-widget_type=\"divider.default\">\n\t\t\t\t<div class=\"elementor-widget-container\">\n\t\t\t\t\t<div class=\"elementor-divider\">\n\t\t\t<span class=\"elementor-divider-separator\">\n\t\t\t\t\t\t<\/span>\n\t\t<\/div>\n\t\t\t\t<\/div>\n\t\t\t\t<\/div>\n\t\t\t\t\t<\/div>\n\t\t<\/div>\n\t\t\t\t\t<\/div>\n\t\t<\/section>\n\t\t\t\t<section class=\"elementor-section elementor-top-section elementor-element elementor-element-4012f76 elementor-section-boxed elementor-section-height-default elementor-section-height-default\" data-id=\"4012f76\" data-element_type=\"section\">\n\t\t\t\t\t\t<div class=\"elementor-container elementor-column-gap-default\">\n\t\t\t\t\t<div class=\"elementor-column elementor-col-50 elementor-top-column elementor-element elementor-element-6ec3c62\" data-id=\"6ec3c62\" data-element_type=\"column\">\n\t\t\t<div class=\"elementor-widget-wrap elementor-element-populated\">\n\t\t\t\t\t\t<div class=\"elementor-element elementor-element-e3b191d elementor-align-center elementor-widget elementor-widget-button\" data-id=\"e3b191d\" data-element_type=\"widget\" data-widget_type=\"button.default\">\n\t\t\t\t<div class=\"elementor-widget-container\">\n\t\t\t\t\t<div class=\"elementor-button-wrapper\">\n\t\t\t<a class=\"elementor-button elementor-button-link elementor-size-md\" href=\"https:\/\/www.dolsat.pl\/wp-content\/c\/promocje\/przekierowanie_telewizja.html\" target=\"_blank\">\n\t\t\t\t\t\t<span class=\"elementor-button-content-wrapper\">\n\t\t\t\t\t\t<span class=\"elementor-button-icon\">\n\t\t\t\t<i aria-hidden=\"true\" class=\"fas fa-external-link-square-alt\"><\/i>\t\t\t<\/span>\n\t\t\t\t\t\t\t\t\t<span class=\"elementor-button-text\">Sprawd\u017a aktualn\u0105 promocj\u0119 telewizji<\/span>\n\t\t\t\t\t<\/span>\n\t\t\t\t\t<\/a>\n\t\t<\/div>\n\t\t\t\t<\/div>\n\t\t\t\t<\/div>\n\t\t\t\t\t<\/div>\n\t\t<\/div>\n\t\t\t\t<div class=\"elementor-column elementor-col-50 elementor-top-column elementor-element elementor-element-eb0fe54\" data-id=\"eb0fe54\" data-element_type=\"column\">\n\t\t\t<div class=\"elementor-widget-wrap elementor-element-populated\">\n\t\t\t\t\t\t<div class=\"elementor-element elementor-element-9dfcf3d elementor-button-info elementor-align-center elementor-widget elementor-widget-button\" data-id=\"9dfcf3d\" data-element_type=\"widget\" data-widget_type=\"button.default\">\n\t\t\t\t<div class=\"elementor-widget-container\">\n\t\t\t\t\t<div class=\"elementor-button-wrapper\">\n\t\t\t<a class=\"elementor-button elementor-button-link elementor-size-sm\" href=\"https:\/\/www.dolsat.pl\/?page_id=270\" target=\"_blank\">\n\t\t\t\t\t\t<span class=\"elementor-button-content-wrapper\">\n\t\t\t\t\t\t<span class=\"elementor-button-icon\">\n\t\t\t\t<i aria-hidden=\"true\" class=\"far fa-list-alt\"><\/i>\t\t\t<\/span>\n\t\t\t\t\t\t\t\t\t<span class=\"elementor-button-text\">Zobacz nasz\u0105 ofert\u0119 programow\u0105<\/span>\n\t\t\t\t\t<\/span>\n\t\t\t\t\t<\/a>\n\t\t<\/div>\n\t\t\t\t<\/div>\n\t\t\t\t<\/div>\n\t\t\t\t\t<\/div>\n\t\t<\/div>\n\t\t\t\t\t<\/div>\n\t\t<\/section>\n\t\t\t\t<\/div>\n\t\t","protected":false},"excerpt":{"rendered":"<p>Telewizja Pakiet KINO &#8211; 30 kana\u0142\u00f3w, w tym 22 HD, MULTIKINO DVB-T &#8211; 125 kana\u0142\u00f3w cyfrowych DVB-T, w tym 90 HD, EXTRA HD &#8211; 35 kana\u0142\u00f3w cyfrowych w tym 30 HD Lokalno\u015b\u0107 to nasz atut, zwa\u017cywszy na zaufanie tysi\u0119cy klient\u00f3w. Wieloletnie do\u015bwiadczenie, wiedza, \u015bwietnie wykwalifikowany personel to jeden z tajnik\u00f3w sukcesu. Staramy si\u0119 sprosta\u0107 oczekiwaniom &hellip;<\/p>\n<p class=\"read-more\"> <a class=\"\" href=\"https:\/\/www.dolsat.pl\/?page_id=415\"> <span class=\"screen-reader-text\">Telewizja<\/span> Read More &raquo;<\/a><\/p>\n","protected":false},"author":1,"featured_media":0,"parent":0,"menu_order":0,"comment_status":"closed","ping_status":"closed","template":"","meta":{"_eb_attr":"","_uag_custom_page_level_css":"","site-sidebar-layout":"default","site-content-layout":"default","ast-global-header-display":"","ast-main-header-display":"","ast-hfb-above-header-display":"","ast-hfb-below-header-display":"","ast-hfb-mobile-header-display":"","site-post-title":"disabled","ast-breadcrumbs-content":"","ast-featured-img":"","footer-sml-layout":"","theme-transparent-header-meta":"","adv-header-id-meta":"","stick-header-meta":"","header-above-stick-meta":"","header-main-stick-meta":"","header-below-stick-meta":"","footnotes":""},"class_list":["post-415","page","type-page","status-publish","hentry"],"uagb_featured_image_src":{"full":false,"thumbnail":false,"medium":false,"medium_large":false,"large":false,"1536x1536":false,"2048x2048":false},"uagb_author_info":{"display_name":"sudo","author_link":"https:\/\/www.dolsat.pl\/?author=1"},"uagb_comment_info":0,"uagb_excerpt":"Telewizja Pakiet KINO &#8211; 30 kana\u0142\u00f3w, w tym 22 HD, MULTIKINO DVB-T &#8211; 125 kana\u0142\u00f3w cyfrowych DVB-T, w tym 90 HD, EXTRA HD &#8211; 35 kana\u0142\u00f3w cyfrowych w tym 30 HD Lokalno\u015b\u0107 to nasz atut, zwa\u017cywszy na zaufanie tysi\u0119cy klient\u00f3w. Wieloletnie do\u015bwiadczenie, wiedza, \u015bwietnie wykwalifikowany personel to jeden z tajnik\u00f3w sukcesu. Staramy si\u0119 sprosta\u0107 oczekiwaniom&hellip;","_links":{"self":[{"href":"https:\/\/www.dolsat.pl\/index.php?rest_route=\/wp\/v2\/pages\/415","targetHints":{"allow":["GET"]}}],"collection":[{"href":"https:\/\/www.dolsat.pl\/index.php?rest_route=\/wp\/v2\/pages"}],"about":[{"href":"https:\/\/www.dolsat.pl\/index.php?rest_route=\/wp\/v2\/types\/page"}],"author":[{"embeddable":true,"href":"https:\/\/www.dolsat.pl\/index.php?rest_route=\/wp\/v2\/users\/1"}],"replies":[{"embeddable":true,"href":"https:\/\/www.dolsat.pl\/index.php?rest_route=%2Fwp%2Fv2%2Fcomments&post=415"}],"version-history":[{"count":25,"href":"https:\/\/www.dolsat.pl\/index.php?rest_route=\/wp\/v2\/pages\/415\/revisions"}],"predecessor-version":[{"id":1015,"href":"https:\/\/www.dolsat.pl\/index.php?rest_route=\/wp\/v2\/pages\/415\/revisions\/1015"}],"wp:attachment":[{"href":"https:\/\/www.dolsat.pl\/index.php?rest_route=%2Fwp%2Fv2%2Fmedia&parent=415"}],"curies":[{"name":"wp","href":"https:\/\/api.w.org\/{rel}","templated":true}]}}