{"id":456,"date":"2023-02-24T12:46:12","date_gmt":"2023-02-24T11:46:12","guid":{"rendered":"https:\/\/www.dolsat.pl\/?page_id=456"},"modified":"2025-01-07T07:49:16","modified_gmt":"2025-01-07T06:49:16","slug":"firma","status":"publish","type":"page","link":"https:\/\/www.dolsat.pl\/?page_id=456","title":{"rendered":"Firma"},"content":{"rendered":"\t\t<div data-elementor-type=\"wp-page\" data-elementor-id=\"456\" class=\"elementor elementor-456\">\n\t\t\t\t\t\t<section class=\"elementor-section elementor-top-section elementor-element elementor-element-e7e41af elementor-section-boxed elementor-section-height-default elementor-section-height-default\" data-id=\"e7e41af\" data-element_type=\"section\">\n\t\t\t\t\t\t<div class=\"elementor-container elementor-column-gap-default\">\n\t\t\t\t\t<div class=\"elementor-column elementor-col-100 elementor-top-column elementor-element elementor-element-441c640\" data-id=\"441c640\" data-element_type=\"column\">\n\t\t\t<div class=\"elementor-widget-wrap elementor-element-populated\">\n\t\t\t\t\t\t<div class=\"elementor-element elementor-element-1e9ca25 elementor-widget elementor-widget-heading\" data-id=\"1e9ca25\" data-element_type=\"widget\" data-widget_type=\"heading.default\">\n\t\t\t\t<div class=\"elementor-widget-container\">\n\t\t\t<h2 class=\"elementor-heading-title elementor-size-default\">Firma<\/h2>\t\t<\/div>\n\t\t\t\t<\/div>\n\t\t\t\t<div class=\"elementor-element elementor-element-902d3e3 elementor-widget-divider--view-line_icon elementor-view-default elementor-widget-divider--element-align-center elementor-widget elementor-widget-divider\" data-id=\"902d3e3\" data-element_type=\"widget\" data-widget_type=\"divider.default\">\n\t\t\t\t<div class=\"elementor-widget-container\">\n\t\t\t\t\t<div class=\"elementor-divider\">\n\t\t\t<span class=\"elementor-divider-separator\">\n\t\t\t\t\t\t\t<div class=\"elementor-icon elementor-divider__element\">\n\t\t\t\t\t<i aria-hidden=\"true\" class=\"far fa-building\"><\/i><\/div>\n\t\t\t\t\t\t<\/span>\n\t\t<\/div>\n\t\t\t\t<\/div>\n\t\t\t\t<\/div>\n\t\t\t\t\t<\/div>\n\t\t<\/div>\n\t\t\t\t\t<\/div>\n\t\t<\/section>\n\t\t\t\t<section class=\"elementor-section elementor-top-section elementor-element elementor-element-9a2bc5a elementor-section-boxed elementor-section-height-default elementor-section-height-default\" data-id=\"9a2bc5a\" data-element_type=\"section\">\n\t\t\t\t\t\t<div class=\"elementor-container elementor-column-gap-default\">\n\t\t\t\t\t<div class=\"elementor-column elementor-col-100 elementor-top-column elementor-element elementor-element-0a0ee05\" data-id=\"0a0ee05\" data-element_type=\"column\">\n\t\t\t<div class=\"elementor-widget-wrap elementor-element-populated\">\n\t\t\t\t\t\t<div class=\"elementor-element elementor-element-322b8de elementor-widget elementor-widget-text-editor\" data-id=\"322b8de\" data-element_type=\"widget\" data-widget_type=\"text-editor.default\">\n\t\t\t\t<div class=\"elementor-widget-container\">\n\t\t\t\t\t\t\t<p>DOLSAT jest operatorem telekomunikacyjnym z ponad 35 letnim do\u015bwiadczeniem<\/p>\t\t\t\t\t\t<\/div>\n\t\t\t\t<\/div>\n\t\t\t\t\t<\/div>\n\t\t<\/div>\n\t\t\t\t\t<\/div>\n\t\t<\/section>\n\t\t\t\t<section class=\"elementor-section elementor-top-section elementor-element elementor-element-9e4e505 elementor-section-boxed elementor-section-height-default elementor-section-height-default\" data-id=\"9e4e505\" data-element_type=\"section\">\n\t\t\t\t\t\t<div class=\"elementor-container elementor-column-gap-default\">\n\t\t\t\t\t<div class=\"elementor-column elementor-col-33 elementor-top-column elementor-element elementor-element-5a74f9a\" data-id=\"5a74f9a\" data-element_type=\"column\">\n\t\t\t<div class=\"elementor-widget-wrap elementor-element-populated\">\n\t\t\t\t\t\t<div class=\"elementor-element elementor-element-ea18d0d elementor-widget elementor-widget-image\" data-id=\"ea18d0d\" data-element_type=\"widget\" data-widget_type=\"image.default\">\n\t\t\t\t<div class=\"elementor-widget-container\">\n\t\t\t\t\t\t\t\t\t\t<figure class=\"wp-caption\">\n\t\t\t\t\t\t\t\t\t\t<img fetchpriority=\"high\" decoding=\"async\" width=\"300\" height=\"300\" src=\"https:\/\/www.dolsat.pl\/wp-content\/uploads\/2023\/02\/d_lakomski-300x300.jpeg\" class=\"attachment-medium size-medium wp-image-331\" alt=\"\" srcset=\"https:\/\/www.dolsat.pl\/wp-content\/uploads\/2023\/02\/d_lakomski-300x300.jpeg 300w, https:\/\/www.dolsat.pl\/wp-content\/uploads\/2023\/02\/d_lakomski-150x150.jpeg 150w, https:\/\/www.dolsat.pl\/wp-content\/uploads\/2023\/02\/d_lakomski.jpeg 389w\" sizes=\"(max-width: 300px) 100vw, 300px\" \/>\t\t\t\t\t\t\t\t\t\t\t<figcaption class=\"widget-image-caption wp-caption-text\">Na zdj\u0119ciu: <br \/><strong>Daros\u0142aw \u0141akomski<\/strong><br \/>Prezes Dolsat Sp. z o.o.<\/figcaption>\n\t\t\t\t\t\t\t\t\t\t<\/figure>\n\t\t\t\t\t\t\t<\/div>\n\t\t\t\t<\/div>\n\t\t\t\t\t<\/div>\n\t\t<\/div>\n\t\t\t\t<div class=\"elementor-column elementor-col-66 elementor-top-column elementor-element elementor-element-4576b48\" data-id=\"4576b48\" data-element_type=\"column\">\n\t\t\t<div class=\"elementor-widget-wrap elementor-element-populated\">\n\t\t\t\t\t\t<div class=\"elementor-element elementor-element-58a447d elementor-widget elementor-widget-text-editor\" data-id=\"58a447d\" data-element_type=\"widget\" data-widget_type=\"text-editor.default\">\n\t\t\t\t<div class=\"elementor-widget-container\">\n\t\t\t\t\t\t\t<p><strong>Sp<\/strong><b>\u00f3\u0142ka DOLSAT jest najwi\u0119kszym operatorem us\u0142ug multimedialnych w Be\u0142chatowie. Jej infrastruktur\u0105 obj\u0119te jest ca\u0142e miasto i pobliskie gminy. Na rynku us\u0142ug telekomunikacyjnych dzia\u0142a od 1989 r. D\u0142ugoletnie do\u015bwiadczenie, du\u017ca dynamika rozwoju i innowacyjno\u015b\u0107 sprawi\u0142y, \u017ce z us\u0142ug sp\u00f3\u0142ki korzysta blisko 65% mieszka\u0144c\u00f3w Be\u0142chatowa.<\/b><\/p><p>Atutem ofert sp\u00f3\u0142ki jest przede wszystkim kompleksowe zaspokajanie potrzeb klient\u00f3w. Jako pierwszy operator na rynku lokalnym DOLSAT wprowadzi\u0142 us\u0142ug\u0119 pakietow\u0105 \u201eTriple Play\u201d, oferuj\u0105c\u0105 telewizj\u0119, Internet i telefoni\u0119.<\/p><p>D\u0105\u017cenie do upowszechnienia przez firm\u0119 DOLSAT dost\u0119pu do innowacyjnych us\u0142ug, w szczeg\u00f3lno\u015bci Internetu szerokopasmowego pozwoli\u0142o na osi\u0105gni\u0119cie ju\u017c na koniec 2006 r. zdecydowanie najwi\u0119kszego udzia\u0142u w rynku lokalnym. Obecnie ponad po\u0142owa u\u017cytkownik\u00f3w Internetu szerokopasmowego w Be\u0142chatowie &#8211; to klienci sp\u00f3\u0142ki. Powy\u017csze liczby sprawiaj\u0105, \u017ce staje si\u0119 ona ewenementem w skali kraju. Z pe\u0142n\u0105 odpowiedzialno\u015bci\u0105 mo\u017cna m\u00f3wi\u0107 o informatycznym mie\u015bcie i e-spo\u0142ecze\u0144stwie.<\/p><p>Biuro Reklamy DOLSAT, w kt\u00f3rej zatrudnieni s\u0105 specjali\u015bci ds. reklamy i grafiki, od lat jest imponuj\u0105cym skuteczno\u015bci\u0105 medium reklamowym. Efektywna reklama, kreatywno\u015b\u0107, dost\u0119p do zaawansowanych i nowoczesnych technik graficznych oraz wykorzystywane media w\u0142asne o bardzo du\u017cym zasi\u0119gu, sprawiaj\u0105, \u017ce przekazy reklamowe klient\u00f3w sp\u00f3\u0142ki trafiaj\u0105 do blisko 80% mieszka\u0144c\u00f3w miasta.<\/p><p>Sp\u00f3\u0142ka DOLSAT to przedsi\u0119biorstwo innowacyjne, dlatego te\u017c tworzy i realizuje projekty monitoringu miejskiego i osiedlowego jak i projekty inteligentnych budynk\u00f3w.<\/p><p><b>Lokalno\u015b\u0107 to atut. <\/b>B\u0119d\u0105c firm\u0105 lokaln\u0105 DOLSAT w szczeg\u00f3lny spos\u00f3b dba o zaspokajanie potrzeb klient\u00f3w, tak, aby mogli cieszy\u0107 si\u0119 z wszelkich nowo\u015bci technicznych i programowych. Istotnym elementem przewagi konkurencyjnej jest inwestycja w nowoczesne technologie. Najnowocze\u015bniejsza i najwi\u0119ksza SuperSie\u0107 optyczna (jeden z nielicznych tego typu projekt\u00f3w w kraju &#8211; fiber to the building &#8211; FTTB), pozwala zaoferowa\u0107 klientom innowacyjne rozwi\u0105zania i wysok\u0105 jako\u015b us\u0142ug w najatrakcyjniejszej cenie na rynku medialnym.<\/p>\t\t\t\t\t\t<\/div>\n\t\t\t\t<\/div>\n\t\t\t\t\t<\/div>\n\t\t<\/div>\n\t\t\t\t\t<\/div>\n\t\t<\/section>\n\t\t\t\t<section class=\"elementor-section elementor-top-section elementor-element elementor-element-b841ca2 elementor-section-boxed elementor-section-height-default elementor-section-height-default\" data-id=\"b841ca2\" data-element_type=\"section\">\n\t\t\t\t\t\t<div class=\"elementor-container elementor-column-gap-default\">\n\t\t\t\t\t<div class=\"elementor-column elementor-col-100 elementor-top-column elementor-element elementor-element-b2e2f2d\" data-id=\"b2e2f2d\" data-element_type=\"column\">\n\t\t\t<div class=\"elementor-widget-wrap elementor-element-populated\">\n\t\t\t\t\t\t<div class=\"elementor-element elementor-element-db58517 elementor-widget-divider--view-line elementor-widget elementor-widget-divider\" data-id=\"db58517\" data-element_type=\"widget\" data-widget_type=\"divider.default\">\n\t\t\t\t<div class=\"elementor-widget-container\">\n\t\t\t\t\t<div class=\"elementor-divider\">\n\t\t\t<span class=\"elementor-divider-separator\">\n\t\t\t\t\t\t<\/span>\n\t\t<\/div>\n\t\t\t\t<\/div>\n\t\t\t\t<\/div>\n\t\t\t\t\t<\/div>\n\t\t<\/div>\n\t\t\t\t\t<\/div>\n\t\t<\/section>\n\t\t\t\t<\/div>\n\t\t","protected":false},"excerpt":{"rendered":"<p>Firma DOLSAT jest operatorem telekomunikacyjnym z ponad 35 letnim do\u015bwiadczeniem Na zdj\u0119ciu: Daros\u0142aw \u0141akomskiPrezes Dolsat Sp. z o.o. Sp\u00f3\u0142ka DOLSAT jest najwi\u0119kszym operatorem us\u0142ug multimedialnych w Be\u0142chatowie. Jej infrastruktur\u0105 obj\u0119te jest ca\u0142e miasto i pobliskie gminy. Na rynku us\u0142ug telekomunikacyjnych dzia\u0142a od 1989 r. D\u0142ugoletnie do\u015bwiadczenie, du\u017ca dynamika rozwoju i innowacyjno\u015b\u0107 sprawi\u0142y, \u017ce z us\u0142ug &hellip;<\/p>\n<p class=\"read-more\"> <a class=\"\" href=\"https:\/\/www.dolsat.pl\/?page_id=456\"> <span class=\"screen-reader-text\">Firma<\/span> Read More &raquo;<\/a><\/p>\n","protected":false},"author":1,"featured_media":0,"parent":0,"menu_order":0,"comment_status":"closed","ping_status":"closed","template":"elementor_header_footer","meta":{"_eb_attr":"","_uag_custom_page_level_css":"","site-sidebar-layout":"default","site-content-layout":"default","ast-global-header-display":"","ast-main-header-display":"","ast-hfb-above-header-display":"","ast-hfb-below-header-display":"","ast-hfb-mobile-header-display":"","site-post-title":"","ast-breadcrumbs-content":"","ast-featured-img":"","footer-sml-layout":"","theme-transparent-header-meta":"","adv-header-id-meta":"","stick-header-meta":"","header-above-stick-meta":"","header-main-stick-meta":"","header-below-stick-meta":"","footnotes":""},"class_list":["post-456","page","type-page","status-publish","hentry"],"uagb_featured_image_src":{"full":false,"thumbnail":false,"medium":false,"medium_large":false,"large":false,"1536x1536":false,"2048x2048":false},"uagb_author_info":{"display_name":"sudo","author_link":"https:\/\/www.dolsat.pl\/?author=1"},"uagb_comment_info":0,"uagb_excerpt":"Firma DOLSAT jest operatorem telekomunikacyjnym z ponad 35 letnim do\u015bwiadczeniem Na zdj\u0119ciu: Daros\u0142aw \u0141akomskiPrezes Dolsat Sp. z o.o. Sp\u00f3\u0142ka DOLSAT jest najwi\u0119kszym operatorem us\u0142ug multimedialnych w Be\u0142chatowie. Jej infrastruktur\u0105 obj\u0119te jest ca\u0142e miasto i pobliskie gminy. Na rynku us\u0142ug telekomunikacyjnych dzia\u0142a od 1989 r. D\u0142ugoletnie do\u015bwiadczenie, du\u017ca dynamika rozwoju i innowacyjno\u015b\u0107 sprawi\u0142y, \u017ce z us\u0142ug&hellip;","_links":{"self":[{"href":"https:\/\/www.dolsat.pl\/index.php?rest_route=\/wp\/v2\/pages\/456","targetHints":{"allow":["GET"]}}],"collection":[{"href":"https:\/\/www.dolsat.pl\/index.php?rest_route=\/wp\/v2\/pages"}],"about":[{"href":"https:\/\/www.dolsat.pl\/index.php?rest_route=\/wp\/v2\/types\/page"}],"author":[{"embeddable":true,"href":"https:\/\/www.dolsat.pl\/index.php?rest_route=\/wp\/v2\/users\/1"}],"replies":[{"embeddable":true,"href":"https:\/\/www.dolsat.pl\/index.php?rest_route=%2Fwp%2Fv2%2Fcomments&post=456"}],"version-history":[{"count":13,"href":"https:\/\/www.dolsat.pl\/index.php?rest_route=\/wp\/v2\/pages\/456\/revisions"}],"predecessor-version":[{"id":897,"href":"https:\/\/www.dolsat.pl\/index.php?rest_route=\/wp\/v2\/pages\/456\/revisions\/897"}],"wp:attachment":[{"href":"https:\/\/www.dolsat.pl\/index.php?rest_route=%2Fwp%2Fv2%2Fmedia&parent=456"}],"curies":[{"name":"wp","href":"https:\/\/api.w.org\/{rel}","templated":true}]}}