{"id":500,"date":"2023-02-27T09:48:16","date_gmt":"2023-02-27T08:48:16","guid":{"rendered":"https:\/\/www.dolsat.pl\/?page_id=500"},"modified":"2023-02-27T12:31:34","modified_gmt":"2023-02-27T11:31:34","slug":"zachowaj-swoj-numer","status":"publish","type":"page","link":"https:\/\/www.dolsat.pl\/?page_id=500","title":{"rendered":"Zachowaj sw\u00f3j numer"},"content":{"rendered":"\t\t<div data-elementor-type=\"wp-page\" data-elementor-id=\"500\" class=\"elementor elementor-500\">\n\t\t\t\t\t\t<section class=\"elementor-section elementor-top-section elementor-element elementor-element-e7e41af elementor-section-boxed elementor-section-height-default elementor-section-height-default\" data-id=\"e7e41af\" data-element_type=\"section\">\n\t\t\t\t\t\t<div class=\"elementor-container elementor-column-gap-default\">\n\t\t\t\t\t<div class=\"elementor-column elementor-col-100 elementor-top-column elementor-element elementor-element-441c640\" data-id=\"441c640\" data-element_type=\"column\">\n\t\t\t<div class=\"elementor-widget-wrap elementor-element-populated\">\n\t\t\t\t\t\t<div class=\"elementor-element elementor-element-1e9ca25 elementor-widget elementor-widget-heading\" data-id=\"1e9ca25\" data-element_type=\"widget\" data-widget_type=\"heading.default\">\n\t\t\t\t<div class=\"elementor-widget-container\">\n\t\t\t<h2 class=\"elementor-heading-title elementor-size-default\">Zachowaj sw\u00f3j numer<\/h2>\t\t<\/div>\n\t\t\t\t<\/div>\n\t\t\t\t<div class=\"elementor-element elementor-element-902d3e3 elementor-widget-divider--view-line_icon elementor-view-default elementor-widget-divider--element-align-center elementor-widget elementor-widget-divider\" data-id=\"902d3e3\" data-element_type=\"widget\" data-widget_type=\"divider.default\">\n\t\t\t\t<div class=\"elementor-widget-container\">\n\t\t\t\t\t<div class=\"elementor-divider\">\n\t\t\t<span class=\"elementor-divider-separator\">\n\t\t\t\t\t\t\t<div class=\"elementor-icon elementor-divider__element\">\n\t\t\t\t\t<i aria-hidden=\"true\" class=\"fas fa-check\"><\/i><\/div>\n\t\t\t\t\t\t<\/span>\n\t\t<\/div>\n\t\t\t\t<\/div>\n\t\t\t\t<\/div>\n\t\t\t\t\t<\/div>\n\t\t<\/div>\n\t\t\t\t\t<\/div>\n\t\t<\/section>\n\t\t\t\t<section class=\"elementor-section elementor-top-section elementor-element elementor-element-df96a19 elementor-section-boxed elementor-section-height-default elementor-section-height-default\" data-id=\"df96a19\" data-element_type=\"section\">\n\t\t\t\t\t\t<div class=\"elementor-container elementor-column-gap-default\">\n\t\t\t\t\t<div class=\"elementor-column elementor-col-100 elementor-top-column elementor-element elementor-element-8c39edc\" data-id=\"8c39edc\" data-element_type=\"column\">\n\t\t\t<div class=\"elementor-widget-wrap elementor-element-populated\">\n\t\t\t\t\t\t<section class=\"elementor-section elementor-inner-section elementor-element elementor-element-6aaaabf elementor-section-boxed elementor-section-height-default elementor-section-height-default\" data-id=\"6aaaabf\" data-element_type=\"section\">\n\t\t\t\t\t\t<div class=\"elementor-container elementor-column-gap-default\">\n\t\t\t\t\t<div class=\"elementor-column elementor-col-50 elementor-inner-column elementor-element elementor-element-b2678ad\" data-id=\"b2678ad\" data-element_type=\"column\">\n\t\t\t<div class=\"elementor-widget-wrap elementor-element-populated\">\n\t\t\t\t\t\t<div class=\"elementor-element elementor-element-cd59cf2 elementor-widget elementor-widget-heading\" data-id=\"cd59cf2\" data-element_type=\"widget\" data-widget_type=\"heading.default\">\n\t\t\t\t<div class=\"elementor-widget-container\">\n\t\t\t<h2 class=\"elementor-heading-title elementor-size-default\">Najni\u017cszy abonament w mie\u015bcie i po\u0142\u0105czenia za grosze! Telefonia DOLSAT \u2026 aby rachunki cieszy\u0142y \ud83d\ude42<\/h2>\t\t<\/div>\n\t\t\t\t<\/div>\n\t\t\t\t\t<\/div>\n\t\t<\/div>\n\t\t\t\t<div class=\"elementor-column elementor-col-50 elementor-inner-column elementor-element elementor-element-6937bfb\" data-id=\"6937bfb\" data-element_type=\"column\">\n\t\t\t<div class=\"elementor-widget-wrap elementor-element-populated\">\n\t\t\t\t\t\t<div class=\"elementor-element elementor-element-0395694 e-transform elementor-widget elementor-widget-image\" data-id=\"0395694\" data-element_type=\"widget\" data-settings=\"{&quot;_transform_rotateZ_effect&quot;:{&quot;unit&quot;:&quot;px&quot;,&quot;size&quot;:4,&quot;sizes&quot;:[]},&quot;_transform_rotateZ_effect_tablet&quot;:{&quot;unit&quot;:&quot;deg&quot;,&quot;size&quot;:&quot;&quot;,&quot;sizes&quot;:[]},&quot;_transform_rotateZ_effect_mobile&quot;:{&quot;unit&quot;:&quot;deg&quot;,&quot;size&quot;:&quot;&quot;,&quot;sizes&quot;:[]}}\" data-widget_type=\"image.default\">\n\t\t\t\t<div class=\"elementor-widget-container\">\n\t\t\t\t\t\t\t\t\t\t\t\t\t<img fetchpriority=\"high\" decoding=\"async\" width=\"1024\" height=\"683\" src=\"https:\/\/www.dolsat.pl\/wp-content\/uploads\/2023\/02\/iStock-1287782650-1024x683.jpg\" class=\"attachment-large size-large wp-image-504\" alt=\"\" srcset=\"https:\/\/www.dolsat.pl\/wp-content\/uploads\/2023\/02\/iStock-1287782650-1024x683.jpg 1024w, https:\/\/www.dolsat.pl\/wp-content\/uploads\/2023\/02\/iStock-1287782650-300x200.jpg 300w, https:\/\/www.dolsat.pl\/wp-content\/uploads\/2023\/02\/iStock-1287782650-768x512.jpg 768w, https:\/\/www.dolsat.pl\/wp-content\/uploads\/2023\/02\/iStock-1287782650-1536x1024.jpg 1536w, https:\/\/www.dolsat.pl\/wp-content\/uploads\/2023\/02\/iStock-1287782650-2048x1365.jpg 2048w\" sizes=\"(max-width: 1024px) 100vw, 1024px\" \/>\t\t\t\t\t\t\t\t\t\t\t\t\t<\/div>\n\t\t\t\t<\/div>\n\t\t\t\t\t<\/div>\n\t\t<\/div>\n\t\t\t\t\t<\/div>\n\t\t<\/section>\n\t\t\t\t<div class=\"elementor-element elementor-element-b45cc69 elementor-widget-divider--view-line elementor-widget elementor-widget-divider\" data-id=\"b45cc69\" data-element_type=\"widget\" data-widget_type=\"divider.default\">\n\t\t\t\t<div class=\"elementor-widget-container\">\n\t\t\t\t\t<div class=\"elementor-divider\">\n\t\t\t<span class=\"elementor-divider-separator\">\n\t\t\t\t\t\t<\/span>\n\t\t<\/div>\n\t\t\t\t<\/div>\n\t\t\t\t<\/div>\n\t\t\t\t<div class=\"elementor-element elementor-element-7a51273 elementor-alert-success elementor-widget elementor-widget-alert\" data-id=\"7a51273\" data-element_type=\"widget\" data-widget_type=\"alert.default\">\n\t\t\t\t<div class=\"elementor-widget-container\">\n\t\t\t\t\t<div class=\"elementor-alert\" role=\"alert\">\n\n\t\t\t\t\t\t<span class=\"elementor-alert-title\">Wystarczy, \u017ce podczas wizyty w Biurze Obs\u0142ugi Klienta z\u0142o\u017cysz:<\/span>\n\t\t\t\n\t\t\t\n\t\t\t\n\t\t<\/div>\n\t\t\t\t<\/div>\n\t\t\t\t<\/div>\n\t\t\t\t<div class=\"elementor-element elementor-element-24b7078 elementor-widget elementor-widget-text-editor\" data-id=\"24b7078\" data-element_type=\"widget\" data-widget_type=\"text-editor.default\">\n\t\t\t\t<div class=\"elementor-widget-container\">\n\t\t\t\t\t\t\t<a href=\"\/wp-content\/c\/dokumenty\/a\/201807_telef_wniosek_mozliwosc_przeniesienie_numeru.pdf\" target=\"_blank\" rel=\"noopener\"><i class=\"fas fa-file-pdf\"><\/i> Wniosek o potwierdzenie mo\u017cliwo\u015bci zawarcia umowy z przeniesieniem numeru telefonu od Dotychczasowego Dostawcy Us\u0142ug<\/a><br\/>\n<a href=\"\/wp-content\/c\/dokumenty\/a\/201807_telef_oswiadczenie.pdf\" target=\"_blank\" rel=\"noopener\"><i class=\"fas fa-file-pdf\"><\/i> O\u015bwiadczenie<\/a><br\/>\n<a href=\"\/wp-content\/c\/dokumenty\/a\/201807_telef_pelnomocnictwo.pdf\" target=\"_blank\" rel=\"noopener\"><i class=\"fas fa-file-pdf\"><\/i> Pe\u0142nomocnictwo do przeprowadzenia czynno\u015bci zwi\u0105zanych z przeniesieniem numeru<\/a>\t\t\t\t\t\t<\/div>\n\t\t\t\t<\/div>\n\t\t\t\t<div class=\"elementor-element elementor-element-74d596b elementor-widget-divider--view-line elementor-widget elementor-widget-divider\" data-id=\"74d596b\" data-element_type=\"widget\" data-widget_type=\"divider.default\">\n\t\t\t\t<div class=\"elementor-widget-container\">\n\t\t\t\t\t<div class=\"elementor-divider\">\n\t\t\t<span class=\"elementor-divider-separator\">\n\t\t\t\t\t\t<\/span>\n\t\t<\/div>\n\t\t\t\t<\/div>\n\t\t\t\t<\/div>\n\t\t\t\t<div class=\"elementor-element elementor-element-5ddc8a6 elementor-widget elementor-widget-text-editor\" data-id=\"5ddc8a6\" data-element_type=\"widget\" data-widget_type=\"text-editor.default\">\n\t\t\t\t<div class=\"elementor-widget-container\">\n\t\t\t\t\t\t\t<p>We\u017a ze sob\u0105 <strong>dow\u00f3d osobisty, ostatni\u0105 faktur\u0119 za telefon<\/strong> \u2013 usprawni to wype\u0142nienie wszelkich dokument\u00f3w.<\/p><p>Nasz Doradca Klienta dope\u0142ni wszystkich formalno\u015bci w Twoim imieniu.<\/p><p>Po uzyskaniu przez nas informacji od Dotychczasowego Dostawcy Us\u0142ug o terminie wypowiedzenia umowy otrzymasz Zawiadomienie o terminie rozpocz\u0119cia \u015bwiadczenia us\u0142ugi przez DOLSAT.<\/p><p>Szybko, sprawnie i przyjemnie, a p\u00f3\u017aniej tanio, taniej, jak najtaniej\u2026<\/p>\t\t\t\t\t\t<\/div>\n\t\t\t\t<\/div>\n\t\t\t\t<div class=\"elementor-element elementor-element-4f83f78 elementor-widget-divider--view-line elementor-widget elementor-widget-divider\" data-id=\"4f83f78\" data-element_type=\"widget\" data-widget_type=\"divider.default\">\n\t\t\t\t<div class=\"elementor-widget-container\">\n\t\t\t\t\t<div class=\"elementor-divider\">\n\t\t\t<span class=\"elementor-divider-separator\">\n\t\t\t\t\t\t<\/span>\n\t\t<\/div>\n\t\t\t\t<\/div>\n\t\t\t\t<\/div>\n\t\t\t\t<div class=\"elementor-element elementor-element-2333ab2 elementor-widget elementor-widget-text-editor\" data-id=\"2333ab2\" data-element_type=\"widget\" data-widget_type=\"text-editor.default\">\n\t\t\t\t<div class=\"elementor-widget-container\">\n\t\t\t\t\t\t\t<a href=\"\/wp-content\/c\/dokumenty\/a\/201807_telef_reg_przenoszenie_numeru.pdf\" target=\"_blank\"><i class=\"fas fa-file-pdf\"><\/i> Regulamin przenoszenia przydzielonego numeru telefonu przy zmianie operatora<\/a>\t\t\t\t\t\t<\/div>\n\t\t\t\t<\/div>\n\t\t\t\t\t<\/div>\n\t\t<\/div>\n\t\t\t\t\t<\/div>\n\t\t<\/section>\n\t\t\t\t<\/div>\n\t\t","protected":false},"excerpt":{"rendered":"<p>Zachowaj sw\u00f3j numer Najni\u017cszy abonament w mie\u015bcie i po\u0142\u0105czenia za grosze! Telefonia DOLSAT \u2026 aby rachunki cieszy\u0142y \ud83d\ude42 Wystarczy, \u017ce podczas wizyty w Biurze Obs\u0142ugi Klienta z\u0142o\u017cysz: Wniosek o potwierdzenie mo\u017cliwo\u015bci zawarcia umowy z przeniesieniem numeru telefonu od Dotychczasowego Dostawcy Us\u0142ug O\u015bwiadczenie Pe\u0142nomocnictwo do przeprowadzenia czynno\u015bci zwi\u0105zanych z przeniesieniem numeru We\u017a ze sob\u0105 dow\u00f3d osobisty, &hellip;<\/p>\n<p class=\"read-more\"> <a class=\"\" href=\"https:\/\/www.dolsat.pl\/?page_id=500\"> <span class=\"screen-reader-text\">Zachowaj sw\u00f3j numer<\/span> Read More &raquo;<\/a><\/p>\n","protected":false},"author":1,"featured_media":0,"parent":0,"menu_order":0,"comment_status":"closed","ping_status":"closed","template":"elementor_header_footer","meta":{"_eb_attr":"","_uag_custom_page_level_css":"","site-sidebar-layout":"default","site-content-layout":"default","ast-global-header-display":"","ast-main-header-display":"","ast-hfb-above-header-display":"","ast-hfb-below-header-display":"","ast-hfb-mobile-header-display":"","site-post-title":"","ast-breadcrumbs-content":"","ast-featured-img":"","footer-sml-layout":"","theme-transparent-header-meta":"","adv-header-id-meta":"","stick-header-meta":"","header-above-stick-meta":"","header-main-stick-meta":"","header-below-stick-meta":"","footnotes":""},"class_list":["post-500","page","type-page","status-publish","hentry"],"uagb_featured_image_src":{"full":false,"thumbnail":false,"medium":false,"medium_large":false,"large":false,"1536x1536":false,"2048x2048":false},"uagb_author_info":{"display_name":"sudo","author_link":"https:\/\/www.dolsat.pl\/?author=1"},"uagb_comment_info":0,"uagb_excerpt":"Zachowaj sw\u00f3j numer Najni\u017cszy abonament w mie\u015bcie i po\u0142\u0105czenia za grosze! Telefonia DOLSAT \u2026 aby rachunki cieszy\u0142y \ud83d\ude42 Wystarczy, \u017ce podczas wizyty w Biurze Obs\u0142ugi Klienta z\u0142o\u017cysz: Wniosek o potwierdzenie mo\u017cliwo\u015bci zawarcia umowy z przeniesieniem numeru telefonu od Dotychczasowego Dostawcy Us\u0142ug O\u015bwiadczenie Pe\u0142nomocnictwo do przeprowadzenia czynno\u015bci zwi\u0105zanych z przeniesieniem numeru We\u017a ze sob\u0105 dow\u00f3d osobisty,&hellip;","_links":{"self":[{"href":"https:\/\/www.dolsat.pl\/index.php?rest_route=\/wp\/v2\/pages\/500","targetHints":{"allow":["GET"]}}],"collection":[{"href":"https:\/\/www.dolsat.pl\/index.php?rest_route=\/wp\/v2\/pages"}],"about":[{"href":"https:\/\/www.dolsat.pl\/index.php?rest_route=\/wp\/v2\/types\/page"}],"author":[{"embeddable":true,"href":"https:\/\/www.dolsat.pl\/index.php?rest_route=\/wp\/v2\/users\/1"}],"replies":[{"embeddable":true,"href":"https:\/\/www.dolsat.pl\/index.php?rest_route=%2Fwp%2Fv2%2Fcomments&post=500"}],"version-history":[{"count":10,"href":"https:\/\/www.dolsat.pl\/index.php?rest_route=\/wp\/v2\/pages\/500\/revisions"}],"predecessor-version":[{"id":537,"href":"https:\/\/www.dolsat.pl\/index.php?rest_route=\/wp\/v2\/pages\/500\/revisions\/537"}],"wp:attachment":[{"href":"https:\/\/www.dolsat.pl\/index.php?rest_route=%2Fwp%2Fv2%2Fmedia&parent=500"}],"curies":[{"name":"wp","href":"https:\/\/api.w.org\/{rel}","templated":true}]}}