{"id":63,"date":"2023-02-14T21:38:10","date_gmt":"2023-02-14T20:38:10","guid":{"rendered":"https:\/\/www.dolsat.pl\/?page_id=63"},"modified":"2025-09-17T10:10:43","modified_gmt":"2025-09-17T08:10:43","slug":"internet","status":"publish","type":"page","link":"https:\/\/www.dolsat.pl\/?page_id=63","title":{"rendered":"Internet"},"content":{"rendered":"\t\t<div data-elementor-type=\"wp-page\" data-elementor-id=\"63\" class=\"elementor elementor-63\">\n\t\t\t\t\t\t<section class=\"elementor-section elementor-top-section elementor-element elementor-element-3ef203a elementor-section-height-min-height elementor-section-items-stretch elementor-section-content-middle elementor-section-boxed elementor-section-height-default\" data-id=\"3ef203a\" data-element_type=\"section\">\n\t\t\t\t\t\t<div class=\"elementor-container elementor-column-gap-no\">\n\t\t\t\t\t<div class=\"elementor-column elementor-col-100 elementor-top-column elementor-element elementor-element-a3d0171\" data-id=\"a3d0171\" data-element_type=\"column\">\n\t\t\t<div class=\"elementor-widget-wrap elementor-element-populated\">\n\t\t\t\t\t\t<div class=\"elementor-element elementor-element-a42eb47 elementor-invisible elementor-widget elementor-widget-heading\" data-id=\"a42eb47\" data-element_type=\"widget\" data-settings=\"{&quot;_animation&quot;:&quot;fadeIn&quot;}\" data-widget_type=\"heading.default\">\n\t\t\t\t<div class=\"elementor-widget-container\">\n\t\t\t<h1 class=\"elementor-heading-title elementor-size-default\">Internet<\/h1>\t\t<\/div>\n\t\t\t\t<\/div>\n\t\t\t\t\t<\/div>\n\t\t<\/div>\n\t\t\t\t\t<\/div>\n\t\t<\/section>\n\t\t\t\t<section class=\"elementor-section elementor-top-section elementor-element elementor-element-731dd21 elementor-section-boxed elementor-section-height-default elementor-section-height-default\" data-id=\"731dd21\" data-element_type=\"section\">\n\t\t\t\t\t\t<div class=\"elementor-container elementor-column-gap-default\">\n\t\t\t\t\t<div class=\"elementor-column elementor-col-100 elementor-top-column elementor-element elementor-element-5c479d2\" data-id=\"5c479d2\" data-element_type=\"column\">\n\t\t\t<div class=\"elementor-widget-wrap elementor-element-populated\">\n\t\t\t\t\t\t<div class=\"elementor-element elementor-element-865d1ff elementor-alert-success elementor-widget elementor-widget-alert\" data-id=\"865d1ff\" data-element_type=\"widget\" data-widget_type=\"alert.default\">\n\t\t\t\t<div class=\"elementor-widget-container\">\n\t\t\t\t\t<div class=\"elementor-alert\" role=\"alert\">\n\n\t\t\t\t\t\t<span class=\"elementor-alert-title\">Ponad 80% udzia\u0142 w rynku lokalnym internetu potwierdza wysok\u0105 pozycj\u0119 naszej firmy i dobrze obrany kierunek.<\/span>\n\t\t\t\n\t\t\t\n\t\t\t\n\t\t<\/div>\n\t\t\t\t<\/div>\n\t\t\t\t<\/div>\n\t\t\t\t\t<\/div>\n\t\t<\/div>\n\t\t\t\t\t<\/div>\n\t\t<\/section>\n\t\t\t\t<section class=\"elementor-section elementor-top-section elementor-element elementor-element-d0fa669 elementor-section-boxed elementor-section-height-default elementor-section-height-default\" data-id=\"d0fa669\" data-element_type=\"section\">\n\t\t\t\t\t\t<div class=\"elementor-container elementor-column-gap-default\">\n\t\t\t\t\t<div class=\"elementor-column elementor-col-100 elementor-top-column elementor-element elementor-element-d3d01a3\" data-id=\"d3d01a3\" data-element_type=\"column\">\n\t\t\t<div class=\"elementor-widget-wrap elementor-element-populated\">\n\t\t\t\t\t\t<div class=\"elementor-element elementor-element-1f1603c elementor-widget elementor-widget-text-editor\" data-id=\"1f1603c\" data-element_type=\"widget\" data-widget_type=\"text-editor.default\">\n\t\t\t\t<div class=\"elementor-widget-container\">\n\t\t\t\t\t\t\t<h2><strong>Szybki Internet w atrakcyjnych cenach<\/strong><\/h2>\n<p>Szeroki wyb\u00f3r ofert promocyjnych gwarantuje, \u017ce ka\u017cdy Klient zainteresowany us\u0142ugami multimedialnymi wybierze rozwi\u0105zanie najbardziej dopasowane do w\u0142asnych potrzeb. Oferujemy umowy na czas nieokre\u015blony lub okres lojalno\u015bciowy 12 miesi\u0119cy i 24 miesi\u0119cy, a w przypadku naszych sta\u0142ych Abonent\u00f3w kontynuuj\u0105cych wsp\u00f3\u0142prac\u0119 na kolejne okresy zapewniamy dodatkowe rabaty. Ogromnym atutem oferty DOLSAT jest kompleksowe zaspokajanie potrzeb Klient\u00f3w.<\/p>\n<h2><b>Sie\u0107 wewn\u0119trzna<\/b><\/h2>\n<p>Klienci korzystaj\u0105cy z sieci DOLSAT mog\u0105 wymienia\u0107 w ramach sieci wewn\u0119trznej pliki z pr\u0119dko\u015bci\u0105 od 10 Mb\/s a\u017c do 100 Mb\/s. Umo\u017cliwia ona bardzo szybkie przesy\u0142anie du\u017cych plik\u00f3w, np. zdj\u0119ciowych.<\/p>\t\t\t\t\t\t<\/div>\n\t\t\t\t<\/div>\n\t\t\t\t\t<\/div>\n\t\t<\/div>\n\t\t\t\t\t<\/div>\n\t\t<\/section>\n\t\t\t\t<section class=\"elementor-section elementor-top-section elementor-element elementor-element-79cb6f2 elementor-section-boxed elementor-section-height-default elementor-section-height-default\" data-id=\"79cb6f2\" data-element_type=\"section\">\n\t\t\t\t\t\t<div class=\"elementor-container elementor-column-gap-default\">\n\t\t\t\t\t<div class=\"elementor-column elementor-col-50 elementor-top-column elementor-element elementor-element-b24d148\" data-id=\"b24d148\" data-element_type=\"column\">\n\t\t\t<div class=\"elementor-widget-wrap elementor-element-populated\">\n\t\t\t\t\t\t<div class=\"elementor-element elementor-element-e3b191d elementor-widget elementor-widget-button\" data-id=\"e3b191d\" data-element_type=\"widget\" data-widget_type=\"button.default\">\n\t\t\t\t<div class=\"elementor-widget-container\">\n\t\t\t\t\t<div class=\"elementor-button-wrapper\">\n\t\t\t<a class=\"elementor-button elementor-button-link elementor-size-md\" href=\"https:\/\/www.dolsat.pl\/wp-content\/c\/promocje\/przekierowanie_internet.html\" target=\"_blank\">\n\t\t\t\t\t\t<span class=\"elementor-button-content-wrapper\">\n\t\t\t\t\t\t<span class=\"elementor-button-icon\">\n\t\t\t\t<i aria-hidden=\"true\" class=\"fas fa-external-link-square-alt\"><\/i>\t\t\t<\/span>\n\t\t\t\t\t\t\t\t\t<span class=\"elementor-button-text\">Sprawd\u017a aktualn\u0105 promocj\u0119 Internetu<\/span>\n\t\t\t\t\t<\/span>\n\t\t\t\t\t<\/a>\n\t\t<\/div>\n\t\t\t\t<\/div>\n\t\t\t\t<\/div>\n\t\t\t\t\t<\/div>\n\t\t<\/div>\n\t\t\t\t<div class=\"elementor-column elementor-col-50 elementor-top-column elementor-element elementor-element-4ed3399\" data-id=\"4ed3399\" data-element_type=\"column\">\n\t\t\t<div class=\"elementor-widget-wrap elementor-element-populated\">\n\t\t\t\t\t\t<div class=\"elementor-element elementor-element-9dfcf3d elementor-button-info elementor-widget elementor-widget-button\" data-id=\"9dfcf3d\" data-element_type=\"widget\" data-widget_type=\"button.default\">\n\t\t\t\t<div class=\"elementor-widget-container\">\n\t\t\t\t\t<div class=\"elementor-button-wrapper\">\n\t\t\t<a class=\"elementor-button elementor-button-link elementor-size-sm\" href=\"https:\/\/www.dolsat.pl\/wp-content\/c\/promocje\/202101_prom_domki\/\" target=\"_blank\">\n\t\t\t\t\t\t<span class=\"elementor-button-content-wrapper\">\n\t\t\t\t\t\t\t\t\t<span class=\"elementor-button-text\">Promocja Internetu dla Domk\u00f3w<\/span>\n\t\t\t\t\t<\/span>\n\t\t\t\t\t<\/a>\n\t\t<\/div>\n\t\t\t\t<\/div>\n\t\t\t\t<\/div>\n\t\t\t\t\t<\/div>\n\t\t<\/div>\n\t\t\t\t\t<\/div>\n\t\t<\/section>\n\t\t\t\t<\/div>\n\t\t","protected":false},"excerpt":{"rendered":"<p>Internet Ponad 80% udzia\u0142 w rynku lokalnym internetu potwierdza wysok\u0105 pozycj\u0119 naszej firmy i dobrze obrany kierunek. Szybki Internet w atrakcyjnych cenach Szeroki wyb\u00f3r ofert promocyjnych gwarantuje, \u017ce ka\u017cdy Klient zainteresowany us\u0142ugami multimedialnymi wybierze rozwi\u0105zanie najbardziej dopasowane do w\u0142asnych potrzeb. Oferujemy umowy na czas nieokre\u015blony lub okres lojalno\u015bciowy 12 miesi\u0119cy i 24 miesi\u0119cy, a w &hellip;<\/p>\n<p class=\"read-more\"> <a class=\"\" href=\"https:\/\/www.dolsat.pl\/?page_id=63\"> <span class=\"screen-reader-text\">Internet<\/span> Read More &raquo;<\/a><\/p>\n","protected":false},"author":1,"featured_media":0,"parent":0,"menu_order":0,"comment_status":"closed","ping_status":"closed","template":"","meta":{"_eb_attr":"","_uag_custom_page_level_css":"","site-sidebar-layout":"default","site-content-layout":"default","ast-global-header-display":"","ast-main-header-display":"","ast-hfb-above-header-display":"","ast-hfb-below-header-display":"","ast-hfb-mobile-header-display":"","site-post-title":"disabled","ast-breadcrumbs-content":"","ast-featured-img":"","footer-sml-layout":"","theme-transparent-header-meta":"","adv-header-id-meta":"","stick-header-meta":"","header-above-stick-meta":"","header-main-stick-meta":"","header-below-stick-meta":"","footnotes":""},"class_list":["post-63","page","type-page","status-publish","hentry"],"uagb_featured_image_src":{"full":false,"thumbnail":false,"medium":false,"medium_large":false,"large":false,"1536x1536":false,"2048x2048":false},"uagb_author_info":{"display_name":"sudo","author_link":"https:\/\/www.dolsat.pl\/?author=1"},"uagb_comment_info":0,"uagb_excerpt":"Internet Ponad 80% udzia\u0142 w rynku lokalnym internetu potwierdza wysok\u0105 pozycj\u0119 naszej firmy i dobrze obrany kierunek. Szybki Internet w atrakcyjnych cenach Szeroki wyb\u00f3r ofert promocyjnych gwarantuje, \u017ce ka\u017cdy Klient zainteresowany us\u0142ugami multimedialnymi wybierze rozwi\u0105zanie najbardziej dopasowane do w\u0142asnych potrzeb. Oferujemy umowy na czas nieokre\u015blony lub okres lojalno\u015bciowy 12 miesi\u0119cy i 24 miesi\u0119cy, a w&hellip;","_links":{"self":[{"href":"https:\/\/www.dolsat.pl\/index.php?rest_route=\/wp\/v2\/pages\/63","targetHints":{"allow":["GET"]}}],"collection":[{"href":"https:\/\/www.dolsat.pl\/index.php?rest_route=\/wp\/v2\/pages"}],"about":[{"href":"https:\/\/www.dolsat.pl\/index.php?rest_route=\/wp\/v2\/types\/page"}],"author":[{"embeddable":true,"href":"https:\/\/www.dolsat.pl\/index.php?rest_route=\/wp\/v2\/users\/1"}],"replies":[{"embeddable":true,"href":"https:\/\/www.dolsat.pl\/index.php?rest_route=%2Fwp%2Fv2%2Fcomments&post=63"}],"version-history":[{"count":35,"href":"https:\/\/www.dolsat.pl\/index.php?rest_route=\/wp\/v2\/pages\/63\/revisions"}],"predecessor-version":[{"id":1011,"href":"https:\/\/www.dolsat.pl\/index.php?rest_route=\/wp\/v2\/pages\/63\/revisions\/1011"}],"wp:attachment":[{"href":"https:\/\/www.dolsat.pl\/index.php?rest_route=%2Fwp%2Fv2%2Fmedia&parent=63"}],"curies":[{"name":"wp","href":"https:\/\/api.w.org\/{rel}","templated":true}]}}